{"id":1827,"date":"2019-09-09T11:23:16","date_gmt":"2019-09-09T11:23:16","guid":{"rendered":"https:\/\/kubawa.net\/about\/"},"modified":"2024-06-13T08:59:16","modified_gmt":"2024-06-13T08:59:16","slug":"about","status":"publish","type":"page","link":"https:\/\/kubawa.net\/fr\/about\/","title":{"rendered":"Association"},"content":{"rendered":"<div>\n<p>        <img decoding=\"async\" src=\"\/wp-content\/uploads\/2024\/05\/%E9%85%B7%E5%B7%B4%E5%A8%83%E5%9B%A2%E9%98%9F.jpg\" alt=\"\"><\/p>\n<h3>Association<\/h3>\n<\/div>\n<h1>\n<h3>Centre de Courbevoie <br \/>Cr\u00e9\u00e9e par les ing\u00e9nieurs de Paristech en 2017<\/h3>\n<\/h1>\n<div>\n<h5>Une \u00e9cole centr\u00e9e sur les enfants, surtout sur le d\u00e9veloppement du potentiel global de chaque enfant, pour former des \u00e9l\u00e8ves confiants et \u00e9panouis, capables de d\u00e9ployer tous leurs talents pour r\u00e9ussir dans leur vie plus tard.<\/h5>\n<\/div>\n<p><img decoding=\"async\" src=\"\/wp-content\/uploads\/2024\/06\/%E5%AD%A6%E4%B8%AD%E6%96%874.jpg\" alt=\"\"><\/p>\n<div>\n<p class=\"MsoNormal\">\u2611 d\u00e9di\u00e9s aux \u00e9l\u00e8ves \u00e2g\u00e9s de 2 \u00e0 18 ans.<br \/>\u2611 Offrir un enseignement d\u2019excellence pour accompagner l&rsquo;apprentissage et le d\u00e9veloppement individuel des enfants \u00e0 travers une riche palette d\u2019activit\u00e9s \u00e9ducatives.<br \/>\u2611 favoriser l\u2019environnement multiculturel pour accro\u00eetre les comp\u00e9tences linguistiques ainsi que l\u2019autonomie et la capacit\u00e9 d\u2019\u00e9merveillement de l&rsquo;enfant.<br \/>\u2611 former les talents multiculturels \u00e0 l\u2019\u00e9panouissement global.<\/p>\n<\/div>\n<h2><span class=\"uk-text-primary\">Notre p\u00e9dagogie<\/span><\/h2>\n<ul>\n<li>\n<p><img decoding=\"async\" src=\"\/wp-content\/uploads\/yootheme\/home-services-03.svg\" alt=\"\"><\/p>\n<h3>Classes en petits groupes.<\/h3>\n<p>Nos classes en petits groupes de 4 \u00e0 8 personnes permettent de respecter le rythme et l&rsquo;individualit\u00e9 de chacun sur le chemin des apprentissages.<\/p>\n<div>\n<p>Nous portons une attention personnalis\u00e9e \u00e0 chaque enfant ! Car chaque enfant est unique !<\/p>\n<\/div>\n<p><a href=\"\/index.php?page_id=5\">Read More<\/a><\/p>\n<\/li>\n<li>\n<p><img decoding=\"async\" src=\"\/wp-content\/uploads\/yootheme\/home-services-01.svg\" alt=\"\"><\/p>\n<h3>Cultiver la curiosit\u00e9 et le go\u00fbt d\u2019apprendre.<\/h3>\n<p>Favoriser l\u2019autonomie pour d\u00e9velopper la confiance en soi. Chaque \u00e9tape franchie lui procure une profonde satisfaction. <\/p>\n<div>\n<p><span style=\"font-weight: 400;\">Dans le respect du rythme de chacun, accompagner nos \u00e9l\u00e8ves dans la d\u00e9couverte de soi pour aller vers les autres.<\/span><\/p>\n<\/div>\n<p><a href=\"\/index.php?page_id=5\">Read More<\/a><\/p>\n<\/li>\n<li>\n<p><img decoding=\"async\" src=\"\/wp-content\/uploads\/yootheme\/home-services-06.svg\" alt=\"\"><\/p>\n<h3>Comprendre et ma\u00eetriser les m\u00e9thodes d&rsquo;apprentissage.<\/h3>\n<p>Non seulement \u00ab apprendre \u00bb, mais aussi \u00ab savoir apprendre \u00bb.<\/p>\n<div>\n<p style=\"text-align: left;\">Am\u00e9lioration globale de l&rsquo;\u00e9coute, de l&rsquo;expression orale, de la lecture et de l&rsquo;\u00e9criture, d\u00e9veloppement multidimensionnel de l&rsquo;analyse et de la cr\u00e9ation. Nous proposons plusieurs types de cours avanc\u00e9s et innovants pour obtenir la plus grande efficacit\u00e9 en termes de temps et le meilleur effet d&rsquo;apprentissage. <\/p>\n<\/div>\n<p><a href=\"\/index.php?page_id=5\">Read More<\/a><\/p>\n<\/li>\n<li>\n<p><img decoding=\"async\" src=\"\/wp-content\/uploads\/yootheme\/about-cta.svg\" alt=\"\"><\/p>\n<h3>Apprendre dans la joie. <\/h3>\n<p> L\u2019\u00e9cole du dehors entretient la capacit\u00e9 d\u2019\u00e9merveillement des enfants \u00e0 travers le rapprochement avec la nature.<\/p>\n<div>\n<p><span style=\"font-weight: 400;\">Immersion totale dans la langue et dans la culture.<\/span><\/p>\n<\/div>\n<\/li>\n<\/ul>\n<h2>Nos Valeurs<\/h2>\n<ul>\n<li>\n<p><img decoding=\"async\" src=\"\/wp-content\/uploads\/yootheme\/home-services-02.svg\" alt=\"\"><\/p>\n<h3>Equipe exp\u00e9riment\u00e9e et passionn\u00e9e.<\/h3>\n<p>Enseignants qualifi\u00e9s et comp\u00e9tents.<\/p>\n<div>\n<p style=\"text-align: left;\">L\u2019\u00e9quipe enseignante travaille en \u00e9troite collaboration pour fournir un cours de qualit\u00e9.<\/p>\n<\/div>\n<p><a href=\"\/index.php?page_id=5\">Read More<\/a><\/p>\n<\/li>\n<li>\n<p><img decoding=\"async\" src=\"\/wp-content\/uploads\/yootheme\/home-services-05.svg\" alt=\"\"><\/p>\n<h3>Programmes et m\u00e9thodes offrant un cadre rassurant, \u00e9prouv\u00e9, avec des attendus clairs.<\/h3>\n<div>\n<p style=\"text-align: left;\">L\u2019\u00e9quipe enseignante travaille en \u00e9troite collaboration avec les familles pour offrir un encadrement p\u00e9dagogique renforc\u00e9 qui permet une individualisation des apprentissages afin d\u2019accompagner chaque enfant vers le bilinguisme.<\/p>\n<\/div>\n<p><a href=\"\/index.php?page_id=5\">Read More<\/a><\/p>\n<\/li>\n<li>\n<p><img decoding=\"async\" src=\"\/wp-content\/uploads\/yootheme\/home-services-04.svg\" alt=\"\"><\/p>\n<h3>Ressources p\u00e9dagogiques.<\/h3>\n<div>\n<p style=\"text-align: left;\"><span style=\"font-weight: 400;\">En collaborant avec les meilleures institutions d&rsquo;enseignement sup\u00e9rieur en Chine, nous b\u00e9n\u00e9ficions du soutien d&rsquo;\u00e9quipes p\u00e9dagogiques comprenant des enseignants de chinois exp\u00e9riment\u00e9s, des professeurs de math\u00e9matiques, ainsi que des experts d\u2019\u00e9ducation fran\u00e7ais.<\/span><\/p>\n<\/div>\n<p><a href=\"\/index.php?page_id=5\">Read More<\/a><\/p>\n<\/li>\n<li>\n<p><img decoding=\"async\" src=\"\/wp-content\/uploads\/yootheme\/icon-check.svg\" alt=\"\"><\/p>\n<h3>Coop\u00e9ration parfaite entre la famille et l&rsquo;\u00e9cole<\/h3>\n<p>En collaborant avec d&rsquo;excellents parents.<\/p>\n<div>\n<p>Nous travaillons ensemble pour aider les enfants \u00e0 acqu\u00e9rir des connaissances, \u00e0 d\u00e9velopper des capacit\u00e9s de r\u00e9flexion ind\u00e9pendantes, \u00e0 apprendre \u00e0 exprimer leurs \u00e9motions et \u00e0 d\u00e9velopper d&rsquo;excellentes qualit\u00e9s.<\/p>\n<\/div>\n<\/li>\n<\/ul>\n<p><!--more--><br \/>\n<!-- {\"name\":\"About\",\"type\":\"layout\",\"children\":[{\"name\":\"Hero\",\"type\":\"section\",\"props\":{\"animation\":\"fade\",\"image\":\"wp-content\\\/uploads\\\/yootheme\\\/about-hero-bg.svg\",\"image_position\":\"center-center\",\"image_width\":\"1300\",\"padding\":\"large\",\"padding_remove_top\":false,\"style\":\"default\",\"title_breakpoint\":\"xl\",\"title_position\":\"top-left\",\"title_rotation\":\"left\",\"vertical_align\":\"middle\",\"width\":\"large\"},\"children\":[{\"type\":\"row\",\"children\":[{\"type\":\"column\",\"props\":{\"image_position\":\"center-center\",\"position_sticky_breakpoint\":\"m\"},\"children\":[{\"name\":\"\\u534f\\u4f1a\\u4ecb\\u7ecd\\u5934\\u56fe\",\"type\":\"overlay\",\"props\":{\"image\":\"wp-content\\\/uploads\\\/2024\\\/05\\\/\\u9177\\u5df4\\u5a03\\u56e2\\u961f.jpg\",\"image_height\":400,\"image_width\":\"1600\",\"link_style\":\"default\",\"link_text\":\"Read more\",\"margin\":\"\",\"meta\":\"\",\"meta_align\":\"below-title\",\"meta_element\":\"div\",\"meta_margin\":\"small\",\"meta_style\":\"text-meta\",\"overlay_hover\":false,\"overlay_mode\":\"cover\",\"overlay_padding\":\"large\",\"overlay_position\":\"bottom\",\"overlay_style\":\"overlay-default\",\"overlay_transition\":\"scale-up\",\"text_align\":\"center\",\"text_color\":\"\",\"title\":\"Association\",\"title_color\":\"primary\",\"title_element\":\"h3\",\"title_hover_style\":\"reset\",\"title_style\":\"heading-small\"}}]}]},{\"type\":\"row\",\"props\":{\"column_gap\":\"large\",\"layout\":\"1-2,1-2\",\"row_gap\":\"large\",\"vertical_align\":true},\"children\":[{\"type\":\"column\",\"props\":{\"image_position\":\"center-center\",\"position_sticky_breakpoint\":\"m\",\"vertical_align\":\"middle\",\"width_medium\":\"1-2\"},\"children\":[{\"type\":\"headline\",\"props\":{\"content\":\"\n\n<h3>Centre de Courbevoie <br \\\/>Cr\\u00e9\\u00e9e par les ing\\u00e9nieurs de Paristech en 2017<\\\/h3>\",\"maxwidth\":\"xlarge\",\"maxwidth_breakpoint\":\"m\",\"text_align\":\"right\",\"text_align_breakpoint\":\"m\",\"title_element\":\"h1\",\"title_style\":\"heading-medium\"}},{\"type\":\"headline\",\"props\":{\"content\":\"\n\n<h5>Une \\u00e9cole centr\\u00e9e sur les enfants, surtout sur le d\\u00e9veloppement du potentiel global de chaque enfant, pour former des \\u00e9l\\u00e8ves confiants et \\u00e9panouis, capables de d\\u00e9ployer tous leurs talents pour r\\u00e9ussir dans leur vie plus tard.<\\\/h5>\",\"maxwidth\":\"xlarge\",\"maxwidth_breakpoint\":\"m\",\"text_align\":\"right\",\"text_align_breakpoint\":\"m\",\"title_element\":\"div\",\"title_style\":\"h4\"}}]},{\"type\":\"column\",\"props\":{\"image_position\":\"center-center\",\"position_sticky_breakpoint\":\"m\",\"width_medium\":\"1-2\"},\"children\":[{\"type\":\"image\",\"props\":{\"block_align\":\"center\",\"image\":\"wp-content\\\/uploads\\\/2024\\\/06\\\/\\u5b66\\u4e2d\\u65874.jpg\",\"image_svg_color\":\"emphasis\",\"image_svg_inline\":true,\"margin\":\"default\",\"maxwidth_breakpoint\":\"l\",\"text_align\":\"left\",\"text_align_breakpoint\":\"m\",\"text_align_fallback\":\"center\"}},{\"type\":\"text\",\"props\":{\"column_breakpoint\":\"m\",\"content\":\"\n\n<p class=\\\"MsoNormal\\\">\\u2611 d\\u00e9di\\u00e9s aux \\u00e9l\\u00e8ves \\u00e2g\\u00e9s de 2 \\u00e0 18 ans.<br \\\/>\\u2611 Offrir un enseignement d\\u2019excellence pour accompagner l'apprentissage et le d\\u00e9veloppement individuel des enfants \\u00e0 travers une riche palette d\\u2019activit\\u00e9s \\u00e9ducatives.<br \\\/>\\u2611 favoriser l\\u2019environnement multiculturel pour accro\\u00eetre les comp\\u00e9tences linguistiques ainsi que l\\u2019autonomie et la capacit\\u00e9 d\\u2019\\u00e9merveillement de l'enfant.<br \\\/>\\u2611 former les talents multiculturels \\u00e0 l\\u2019\\u00e9panouissement global.<\\\/p>\",\"margin\":\"medium\",\"maxwidth\":\"xlarge\",\"maxwidth_breakpoint\":\"m\"}}]}]}]},{\"name\":\"Team\",\"type\":\"section\",\"props\":{\"id\":\"team\",\"image\":\"wp-content\\\/uploads\\\/yootheme\\\/about-team-bg.svg\",\"image_position\":\"top-left\",\"image_width\":\"1800\",\"padding\":\"xsmall\",\"padding_remove_top\":false,\"style\":\"default\",\"title_breakpoint\":\"xl\",\"title_position\":\"top-left\",\"title_rotation\":\"left\",\"vertical_align\":\"middle\",\"width\":\"xlarge\"},\"children\":[{\"type\":\"row\",\"children\":[{\"type\":\"column\",\"props\":{\"image_position\":\"center-center\",\"position_sticky_breakpoint\":\"m\",\"width_medium\":\"1-1\"},\"children\":[{\"type\":\"headline\",\"props\":{\"animation\":\"none\",\"content\":\"<span class=\\\"uk-text-primary\\\">Notre p\\u00e9dagogie<\\\/span>\",\"text_align\":\"center\",\"title_element\":\"h2\",\"title_style\":\"h1\"}},{\"type\":\"grid\",\"props\":{\"animation\":\"none\",\"content_column_breakpoint\":\"m\",\"content_style\":\"h6\",\"filter_align\":\"left\",\"filter_all\":true,\"filter_grid_breakpoint\":\"m\",\"filter_grid_width\":\"auto\",\"filter_position\":\"top\",\"filter_style\":\"tab\",\"grid_column_align\":false,\"grid_column_gap\":\"collapse\",\"grid_default\":\"1\",\"grid_large\":\"2\",\"grid_medium\":\"2\",\"grid_row_align\":false,\"grid_small\":\"2\",\"grid_xlarge\":\"2\",\"icon_width\":80,\"image_align\":\"left\",\"image_grid_breakpoint\":\"m\",\"image_grid_width\":\"auto\",\"image_height\":\"100\",\"image_svg_color\":\"emphasis\",\"image_svg_inline\":true,\"item_animation\":false,\"item_maxwidth\":\"xlarge\",\"link_style\":\"text\",\"link_text\":\"Read More\",\"margin\":\"medium\",\"meta_align\":\"below-title\",\"meta_color\":\"primary\",\"meta_element\":\"div\",\"meta_margin\":\"small\",\"meta_style\":\"h6\",\"panel_padding\":\"default\",\"panel_style\":\"tile-checked\",\"show_content\":true,\"show_image\":true,\"show_link\":false,\"show_meta\":true,\"show_title\":true,\"text_align\":\"left\",\"text_align_breakpoint\":\"m\",\"text_align_fallback\":\"center\",\"title_align\":\"top\",\"title_element\":\"h3\",\"title_grid_breakpoint\":\"m\",\"title_grid_width\":\"1-2\",\"title_hover_style\":\"reset\",\"title_style\":\"h5\"},\"children\":[{\"type\":\"grid_item\",\"props\":{\"content\":\"\n\n<p>Nous portons une attention personnalis\\u00e9e \\u00e0 chaque enfant ! Car chaque enfant est unique !<\\\/p>\",\"image\":\"wp-content\\\/uploads\\\/yootheme\\\/home-services-03.svg\",\"link\":\"index.php?page_id=5\",\"meta\":\"Nos classes en petits groupes de 4 \\u00e0 8 personnes permettent de respecter le rythme et l'individualit\\u00e9 de chacun sur le chemin des apprentissages.\",\"panel_style\":\"tile-muted\",\"title\":\"Classes en petits groupes.\"}},{\"type\":\"grid_item\",\"props\":{\"content\":\"\n\n<p><span style=\\\"font-weight: 400;\\\">Dans le respect du rythme de chacun, accompagner nos \\u00e9l\\u00e8ves dans la d\\u00e9couverte de soi pour aller vers les autres.<\\\/span><\\\/p>\",\"image\":\"wp-content\\\/uploads\\\/yootheme\\\/home-services-01.svg\",\"link\":\"index.php?page_id=5\",\"meta\":\"Favoriser l\\u2019autonomie pour d\\u00e9velopper la confiance en soi. Chaque \\u00e9tape franchie lui procure une profonde satisfaction. \",\"title\":\"Cultiver la curiosit\\u00e9 et le go\\u00fbt d\\u2019apprendre.\"}},{\"type\":\"grid_item\",\"props\":{\"content\":\"\n\n<p style=\\\"text-align: left;\\\">Am\\u00e9lioration globale de l'\\u00e9coute, de l'expression orale, de la lecture et de l'\\u00e9criture, d\\u00e9veloppement multidimensionnel de l'analyse et de la cr\\u00e9ation. Nous proposons plusieurs types de cours avanc\\u00e9s et innovants pour obtenir la plus grande efficacit\\u00e9 en termes de temps et le meilleur effet d'apprentissage. <\\\/p>\",\"image\":\"wp-content\\\/uploads\\\/yootheme\\\/home-services-06.svg\",\"link\":\"index.php?page_id=5\",\"meta\":\"Non seulement \\u00ab apprendre \\u00bb, mais aussi \\u00ab savoir apprendre \\u00bb.\",\"title\":\"Comprendre et ma\\u00eetriser les m\\u00e9thodes d'apprentissage.\"}},{\"type\":\"grid_item\",\"props\":{\"content\":\"\n\n<p><span style=\\\"font-weight: 400;\\\">Immersion totale dans la langue et dans la culture.<\\\/span><\\\/p>\",\"icon\":\"\",\"image\":\"wp-content\\\/uploads\\\/yootheme\\\/about-cta.svg\",\"meta\":\" L\\u2019\\u00e9cole du dehors entretient la capacit\\u00e9 d\\u2019\\u00e9merveillement des enfants \\u00e0 travers le rapprochement avec la nature.\",\"title\":\"Apprendre dans la joie. \"}}]},{\"type\":\"headline\",\"props\":{\"animation\":\"none\",\"content\":\"Nos Valeurs\",\"margin_remove_bottom\":false,\"margin_remove_top\":false,\"text_align\":\"center\",\"title_element\":\"h2\",\"title_style\":\"h1\"}},{\"type\":\"grid\",\"props\":{\"animation\":\"none\",\"content_column_breakpoint\":\"m\",\"content_style\":\"h6\",\"filter_align\":\"left\",\"filter_all\":true,\"filter_grid_breakpoint\":\"m\",\"filter_grid_width\":\"auto\",\"filter_position\":\"top\",\"filter_style\":\"tab\",\"grid_default\":\"1\",\"grid_large\":\"2\",\"grid_medium\":\"2\",\"grid_small\":\"2\",\"grid_xlarge\":\"2\",\"icon_width\":\"80\",\"image_align\":\"left\",\"image_grid_breakpoint\":\"m\",\"image_grid_width\":\"auto\",\"image_height\":\"100\",\"image_svg_color\":\"emphasis\",\"image_svg_inline\":true,\"item_animation\":false,\"item_maxwidth\":\"xlarge\",\"link_style\":\"text\",\"link_text\":\"Read More\",\"margin\":\"large\",\"meta_align\":\"below-title\",\"meta_color\":\"primary\",\"meta_element\":\"div\",\"meta_margin\":\"small\",\"meta_style\":\"h6\",\"panel_padding\":\"default\",\"panel_style\":\"tile-checked\",\"show_content\":true,\"show_image\":true,\"show_link\":false,\"show_meta\":true,\"show_title\":true,\"text_align\":\"left\",\"text_align_breakpoint\":\"m\",\"text_align_fallback\":\"center\",\"title_align\":\"top\",\"title_element\":\"h3\",\"title_grid_breakpoint\":\"m\",\"title_grid_width\":\"1-2\",\"title_hover_style\":\"reset\",\"title_style\":\"h5\"},\"children\":[{\"type\":\"grid_item\",\"props\":{\"content\":\"\n\n<p style=\\\"text-align: left;\\\">L\\u2019\\u00e9quipe enseignante travaille en \\u00e9troite collaboration pour fournir un cours de qualit\\u00e9.<\\\/p>\",\"image\":\"wp-content\\\/uploads\\\/yootheme\\\/home-services-02.svg\",\"link\":\"index.php?page_id=5\",\"meta\":\"Enseignants qualifi\\u00e9s et comp\\u00e9tents.\",\"title\":\"Equipe exp\\u00e9riment\\u00e9e et passionn\\u00e9e.\"}},{\"type\":\"grid_item\",\"props\":{\"content\":\"\n\n<p style=\\\"text-align: left;\\\">L\\u2019\\u00e9quipe enseignante travaille en \\u00e9troite collaboration avec les familles pour offrir un encadrement p\\u00e9dagogique renforc\\u00e9 qui permet une individualisation des apprentissages afin d\\u2019accompagner chaque enfant vers le bilinguisme.<\\\/p>\",\"image\":\"wp-content\\\/uploads\\\/yootheme\\\/home-services-05.svg\",\"link\":\"index.php?page_id=5\",\"meta\":\"\",\"title\":\"Programmes et m\\u00e9thodes offrant un cadre rassurant, \\u00e9prouv\\u00e9, avec des attendus clairs.\"}},{\"type\":\"grid_item\",\"props\":{\"content\":\"\n\n<p style=\\\"text-align: left;\\\"><span style=\\\"font-weight: 400;\\\">En collaborant avec les meilleures institutions d'enseignement sup\\u00e9rieur en Chine, nous b\\u00e9n\\u00e9ficions du soutien d'\\u00e9quipes p\\u00e9dagogiques comprenant des enseignants de chinois exp\\u00e9riment\\u00e9s, des professeurs de math\\u00e9matiques, ainsi que des experts d\\u2019\\u00e9ducation fran\\u00e7ais.<\\\/span><\\\/p>\",\"image\":\"wp-content\\\/uploads\\\/yootheme\\\/home-services-04.svg\",\"link\":\"index.php?page_id=5\",\"meta\":\"\",\"title\":\"Ressources p\\u00e9dagogiques.\"}},{\"type\":\"grid_item\",\"props\":{\"content\":\"\n\n<p>Nous travaillons ensemble pour aider les enfants \\u00e0 acqu\\u00e9rir des connaissances, \\u00e0 d\\u00e9velopper des capacit\\u00e9s de r\\u00e9flexion ind\\u00e9pendantes, \\u00e0 apprendre \\u00e0 exprimer leurs \\u00e9motions et \\u00e0 d\\u00e9velopper d'excellentes qualit\\u00e9s.<\\\/p>\",\"image\":\"wp-content\\\/uploads\\\/yootheme\\\/icon-check.svg\",\"meta\":\"En collaborant avec d'excellents parents.\",\"title\":\"Coop\\u00e9ration parfaite entre la famille et l'\\u00e9cole\"}}]}]}],\"props\":{\"column_gap\":\"collapse\",\"margin_remove_bottom\":true,\"margin_remove_top\":true,\"row_gap\":\"collapse\"}},{\"type\":\"row\",\"children\":[{\"type\":\"column\",\"props\":{\"image_position\":\"center-center\",\"position_sticky_breakpoint\":\"m\"}}]}]}],\"version\":\"4.3.13\"} --><\/p>\n","protected":false},"excerpt":{"rendered":"<p>Association Centre de Courbevoie Cr\u00e9\u00e9e par les ing\u00e9nieurs de Paristech en 2017 Une \u00e9cole centr\u00e9e sur les enfants, surtout sur le d\u00e9veloppement du potentiel global de chaque enfant, pour former des \u00e9l\u00e8ves confiants et \u00e9panouis, capables de d\u00e9ployer tous leurs talents pour r\u00e9ussir dans leur vie plus tard. \u2611 d\u00e9di\u00e9s aux \u00e9l\u00e8ves \u00e2g\u00e9s de 2 [&hellip;]<\/p>\n","protected":false},"author":1,"featured_media":0,"parent":0,"menu_order":4,"comment_status":"open","ping_status":"closed","template":"","meta":{"_acf_changed":false,"footnotes":""},"acf":[],"_links":{"self":[{"href":"https:\/\/kubawa.net\/fr\/wp-json\/wp\/v2\/pages\/1827"}],"collection":[{"href":"https:\/\/kubawa.net\/fr\/wp-json\/wp\/v2\/pages"}],"about":[{"href":"https:\/\/kubawa.net\/fr\/wp-json\/wp\/v2\/types\/page"}],"author":[{"embeddable":true,"href":"https:\/\/kubawa.net\/fr\/wp-json\/wp\/v2\/users\/1"}],"replies":[{"embeddable":true,"href":"https:\/\/kubawa.net\/fr\/wp-json\/wp\/v2\/comments?post=1827"}],"version-history":[{"count":21,"href":"https:\/\/kubawa.net\/fr\/wp-json\/wp\/v2\/pages\/1827\/revisions"}],"predecessor-version":[{"id":2306,"href":"https:\/\/kubawa.net\/fr\/wp-json\/wp\/v2\/pages\/1827\/revisions\/2306"}],"wp:attachment":[{"href":"https:\/\/kubawa.net\/fr\/wp-json\/wp\/v2\/media?parent=1827"}],"curies":[{"name":"wp","href":"https:\/\/api.w.org\/{rel}","templated":true}]}}