{"id":2044,"date":"2022-07-13T14:44:37","date_gmt":"2022-07-13T14:44:37","guid":{"rendered":"https:\/\/kubawa.net\/activites-2\/"},"modified":"2024-06-13T09:15:41","modified_gmt":"2024-06-13T09:15:41","slug":"activites-2","status":"publish","type":"page","link":"https:\/\/kubawa.net\/fr\/activites-2\/","title":{"rendered":"Activit\u00e9s"},"content":{"rendered":"<div>\n<p>        <img decoding=\"async\" src=\"\/wp-content\/uploads\/2024\/05\/%E9%85%B7%E5%B7%B4%E5%A8%83%E5%A4%8F%E4%BB%A4%E8%90%A5.jpg\" alt=\"\"><\/p>\n<h3>Activit\u00e9s<\/h3>\n<\/div>\n<h1>Nos 3 activit\u00e9s<\/h1>\n<ul>\n<li>\n<h3>Activit\u00e9 culturelle de vacances<\/h3>\n<div>\n<div class=\"el-content uk-panel uk-h5 uk-margin-top uk-margin-remove-bottom\"><span>\u00c0 chaque vacance scolaire, l\u2019Association de la Jeunesse Internationale organise soigneusement des activit\u00e9s culturels pour les enfants.<\/span><\/div>\n<\/div>\n<p><a href=\"\/fr\/activites-2\/activites-culturelles-de-vacances\/\">Cliquez ici pour en savoir plus<\/a><\/p>\n<\/li>\n<li>\n<h3>Activit\u00e9 du mercredi<\/h3>\n<div>\n<div class=\"el-content uk-panel uk-text-lead uk-margin-top\"><span>Chaque mercredi (sauf pendant les vacances), l\u2019Association de la Jeunesse Internationale organise soigneusement des activit\u00e9s li\u00e9es \u00e0 la langue chinoise, aux arts et \u00e0 la culture, aux visites de mus\u00e9es et aux sorties en plein air.<\/span><\/div>\n<\/div>\n<p><a href=\"\/fr\/activites-2\/activites-du-mercredi\/\">Cliquez ici pour en savoir plus<\/a><\/p>\n<\/li>\n<li>\n<h3>Autres activit\u00e9s culturelles<\/h3>\n<div>\n<div class=\"el-content uk-panel uk-text-lead uk-margin-top\">\n<p>Autres activit\u00e9s comme les sorties aux mus\u00e9es, les promenades de printemps, les concours de r\u00e9citation, les ateliers de chinois, les f\u00eates et plus encore.<\/p>\n<\/div>\n<\/div>\n<p><a href=\"\/fr\/activites-2\/autres-activites-culturelles\/\">Cliquez ici pour en savoir plus<\/a><\/p>\n<\/li>\n<\/ul>\n<p><!--more--><br \/>\n<!-- {\"type\":\"layout\",\"children\":[{\"type\":\"section\",\"props\":{\"image_position\":\"center-center\",\"style\":\"default\",\"title_breakpoint\":\"xl\",\"title_position\":\"top-left\",\"title_rotation\":\"left\",\"vertical_align\":\"middle\",\"width\":\"default\"},\"children\":[{\"type\":\"row\",\"children\":[{\"type\":\"column\",\"props\":{\"image_position\":\"center-center\",\"position_sticky_breakpoint\":\"m\"},\"children\":[{\"name\":\"\\u534f\\u4f1a\\u4ecb\\u7ecd\\u5934\\u56fe\",\"type\":\"overlay\",\"props\":{\"image\":\"wp-content\\\/uploads\\\/2024\\\/05\\\/\\u9177\\u5df4\\u5a03\\u590f\\u4ee4\\u8425.jpg\",\"image_height\":400,\"image_width\":\"1600\",\"link_style\":\"default\",\"link_text\":\"Read more\",\"margin\":\"\",\"meta\":\"\",\"meta_align\":\"below-title\",\"meta_element\":\"div\",\"meta_margin\":\"small\",\"meta_style\":\"text-meta\",\"overlay_hover\":false,\"overlay_mode\":\"cover\",\"overlay_padding\":\"large\",\"overlay_position\":\"bottom\",\"overlay_style\":\"overlay-default\",\"overlay_transition\":\"scale-up\",\"text_align\":\"center\",\"text_color\":\"\",\"title\":\"Activit\\u00e9s\",\"title_color\":\"primary\",\"title_element\":\"h3\",\"title_hover_style\":\"reset\",\"title_style\":\"heading-small\"}},{\"type\":\"headline\",\"props\":{\"content\":\"Nos 3 activit\\u00e9s\",\"text_align\":\"center\",\"title_element\":\"h1\"}},{\"name\":\"\\u6d3b\\u52a8\\u677f\\u5757\",\"type\":\"grid\",\"children\":[{\"type\":\"grid_item\",\"props\":{\"content\":\"\n\n<div class=\\\"el-content uk-panel uk-h5 uk-margin-top uk-margin-remove-bottom\\\"><span>\\u00c0 chaque vacance scolaire, l\\u2019Association de la Jeunesse Internationale organise soigneusement des activit\\u00e9s culturels pour les enfants.<\\\/span><\\\/div>\",\"image\":\"\",\"link\":\"fr\\\/activites-2\\\/activites-culturelles-de-vacances\\\/\",\"link_text\":\"Cliquez ici pour en savoir plus\",\"title\":\"Activit\\u00e9 culturelle de vacances\"}},{\"type\":\"grid_item\",\"props\":{\"content\":\"\n\n<div class=\\\"el-content uk-panel uk-text-lead uk-margin-top\\\"><span>Chaque mercredi (sauf pendant les vacances), l\\u2019Association de la Jeunesse Internationale organise soigneusement des activit\\u00e9s li\\u00e9es \\u00e0 la langue chinoise, aux arts et \\u00e0 la culture, aux visites de mus\\u00e9es et aux sorties en plein air.<\\\/span><\\\/div>\",\"image\":\"\",\"link\":\"fr\\\/activites-2\\\/activites-du-mercredi\\\/\",\"link_text\":\"Cliquez ici pour en savoir plus\",\"title\":\"Activit\\u00e9 du mercredi\"}},{\"type\":\"grid_item\",\"props\":{\"content\":\"\n\n<div class=\\\"el-content uk-panel uk-text-lead uk-margin-top\\\">\\n\n\n<p>Autres activit\\u00e9s comme les sorties aux mus\\u00e9es, les promenades de printemps, les concours de r\\u00e9citation, les ateliers de chinois, les f\\u00eates et plus encore.<\\\/p>\\n<\\\/div>\",\"image\":\"\",\"link\":\"fr\\\/activites-2\\\/autres-activites-culturelles\\\/\",\"link_text\":\"Cliquez ici pour en savoir plus\",\"title\":\"Autres activit\\u00e9s culturelles\"}}],\"props\":{\"content_column_breakpoint\":\"m\",\"content_style\":\"h6\",\"filter_align\":\"left\",\"filter_all\":true,\"filter_grid_breakpoint\":\"m\",\"filter_grid_width\":\"auto\",\"filter_position\":\"top\",\"filter_style\":\"tab\",\"grid_default\":\"1\",\"grid_medium\":\"2\",\"grid_parallax\":\"0\",\"grid_small\":\"2\",\"icon_width\":80,\"image_align\":\"top\",\"image_grid_breakpoint\":\"m\",\"image_grid_width\":\"1-2\",\"image_height\":\"50\",\"image_svg_animate\":false,\"image_svg_color\":\"primary\",\"image_svg_inline\":true,\"image_width\":\"50\",\"item_animation\":true,\"lightbox\":false,\"link_style\":\"text\",\"link_text\":\"Read more\",\"margin\":\"default\",\"meta_align\":\"below-title\",\"meta_element\":\"div\",\"meta_style\":\"\",\"panel_padding\":\"default\",\"panel_style\":\"tile-secondary\",\"parallax_breakpoint\":\"m\",\"parallax_easing\":\"1\",\"show_content\":true,\"show_image\":true,\"show_link\":true,\"show_meta\":true,\"show_title\":true,\"title_align\":\"top\",\"title_element\":\"h3\",\"title_font_family\":\"primary\",\"title_grid_breakpoint\":\"m\",\"title_grid_width\":\"1-2\",\"title_hover_style\":\"reset\",\"title_style\":\"h4\"}}]}]},{\"type\":\"row\",\"children\":[{\"type\":\"column\",\"props\":{\"image_position\":\"center-center\",\"position_sticky_breakpoint\":\"m\"}}]}]}],\"version\":\"4.3.13\"} --><\/p>\n","protected":false},"excerpt":{"rendered":"<p>Activit\u00e9s Nos 3 activit\u00e9s Activit\u00e9 culturelle de vacances \u00c0 chaque vacance scolaire, l\u2019Association de la Jeunesse Internationale organise soigneusement des activit\u00e9s culturels pour les enfants. Cliquez ici pour en savoir plus Activit\u00e9 du mercredi Chaque mercredi (sauf pendant les vacances), l\u2019Association de la Jeunesse Internationale organise soigneusement des activit\u00e9s li\u00e9es \u00e0 la langue chinoise, aux [&hellip;]<\/p>\n","protected":false},"author":2,"featured_media":0,"parent":0,"menu_order":0,"comment_status":"closed","ping_status":"closed","template":"","meta":{"_acf_changed":false,"footnotes":""},"acf":[],"_links":{"self":[{"href":"https:\/\/kubawa.net\/fr\/wp-json\/wp\/v2\/pages\/2044"}],"collection":[{"href":"https:\/\/kubawa.net\/fr\/wp-json\/wp\/v2\/pages"}],"about":[{"href":"https:\/\/kubawa.net\/fr\/wp-json\/wp\/v2\/types\/page"}],"author":[{"embeddable":true,"href":"https:\/\/kubawa.net\/fr\/wp-json\/wp\/v2\/users\/2"}],"replies":[{"embeddable":true,"href":"https:\/\/kubawa.net\/fr\/wp-json\/wp\/v2\/comments?post=2044"}],"version-history":[{"count":7,"href":"https:\/\/kubawa.net\/fr\/wp-json\/wp\/v2\/pages\/2044\/revisions"}],"predecessor-version":[{"id":2318,"href":"https:\/\/kubawa.net\/fr\/wp-json\/wp\/v2\/pages\/2044\/revisions\/2318"}],"wp:attachment":[{"href":"https:\/\/kubawa.net\/fr\/wp-json\/wp\/v2\/media?parent=2044"}],"curies":[{"name":"wp","href":"https:\/\/api.w.org\/{rel}","templated":true}]}}