{"id":2052,"date":"2024-05-02T15:11:17","date_gmt":"2024-05-02T15:11:17","guid":{"rendered":"https:\/\/kubawa.net\/activites-2\/activites-du-mercredi\/"},"modified":"2026-04-01T19:01:49","modified_gmt":"2026-04-01T19:01:49","slug":"activites-du-mercredi","status":"publish","type":"page","link":"https:\/\/kubawa.net\/fr\/activites-2\/activites-du-mercredi\/","title":{"rendered":"Activit\u00e9s du mercredi"},"content":{"rendered":"<div>\n<p>        <img decoding=\"async\" src=\"\/wp-content\/uploads\/2024\/06\/%E5%9B%BD%E7%94%BB%E8%AF%BE.jpg\" alt=\"\"><\/p>\n<h3>Activit\u00e9s du mercredi<\/h3>\n<\/div>\n<div>\n<h2>Activit\u00e9s du mercredi<br \/>2026-2027<\/p>\n<\/h2>\n<\/div>\n<div>\n<p>Les activit\u00e9s d&rsquo;immersion en chinois de l\u2019Association de la Jeunesse Internationale pour l&rsquo;ann\u00e9e scolaire 2026-2027 est l\u00e0 !<\/p>\n<p>Tous les mercredis, venez apprendre le chinois en immersion totale ! Le matin : cours de langue chinoise. L&rsquo;apr\u00e8s-midi : cours sur la culture chinoise, avec une sortie au mus\u00e9e ou une excursion en plein air tous les deux mois.<\/p>\n<p>Pour plus de d\u00e9tails, veuillez consulter l&rsquo;affiche. Inscrivez-vous d\u00e8s maintenant !<\/p>\n<\/div>\n<p><img decoding=\"async\" src=\"\/wp-content\/uploads\/2024\/06\/%E5%AD%A6%E6%AF%9B%E7%AC%94%E5%AD%97.jpg\" alt=\"\"><\/p>\n<ul>\n<li>\n<p>        <img decoding=\"async\" src=\"\/wp-content\/uploads\/2026\/04\/2026-2027-stage-chinois-du-mercredi.jpg\" alt=\"\"><\/p>\n<\/li>\n<li>\n<p>        <img decoding=\"async\" src=\"\/wp-content\/uploads\/2026\/04\/2026-2027%E5%91%A8%E4%B8%89%E8%90%A5%E6%B5%B7%E6%8A%A5.jpg\" alt=\"\"><\/p>\n<\/li>\n<\/ul>\n<p><a href=\"https:\/\/docs.google.com\/forms\/d\/e\/1FAIpQLSc7_auaRm7dolCVCxnUAPay7epkPxnJN5xHkaFOrC68JyEGgw\/viewform?usp=sf_link\"><img decoding=\"async\" src=\"\/wp-content\/uploads\/2024\/05\/1_1014360817_171_85_3_842406401_8d748b0028c7591f5b56eab480f86e9f.png\" alt=\"\"><\/a><\/p>\n<p>\n    <a href=\"https:\/\/docs.google.com\/forms\/d\/e\/1FAIpQLSdBSxTWBQ6-qydO7HoTwutxKaFDejG2EXArXDdVKIKCBTJfSw\/viewform?usp=sf_link\">Inscription aux activit\u00e9s du mercredi<\/a>\n<\/p>\n<h1>\n<h6 style=\"text-align: center;\">Si vous avez des questions, veuillez scanner le code QR pour contacter le service client de l\u2019Association de la Jeunesse Internationale sur WeChat.<\/h6>\n<\/h1>\n<p><img decoding=\"async\" src=\"\/wp-content\/uploads\/2021\/06\/weichat-e1623167909336.jpg\" alt=\"\"><\/p>\n<p><!--more--><br \/>\n<!-- {\"type\":\"layout\",\"children\":[{\"name\":\"Hero\",\"type\":\"section\",\"props\":{\"animation\":\"fade\",\"image\":\"wp-content\\\/uploads\\\/yootheme\\\/training-hero-bg.svg\",\"image_position\":\"center-left\",\"image_size\":\"contain\",\"padding_remove_bottom\":false,\"padding_remove_top\":false,\"style\":\"default\",\"title_breakpoint\":\"xl\",\"title_position\":\"top-left\",\"title_rotation\":\"left\",\"vertical_align\":\"middle\",\"width\":\"large\"},\"children\":[{\"type\":\"row\",\"children\":[{\"type\":\"column\",\"props\":{\"image_position\":\"center-center\",\"position_sticky_breakpoint\":\"m\"},\"children\":[{\"name\":\"\\u62ac\\u5934\",\"type\":\"overlay\",\"props\":{\"image\":\"wp-content\\\/uploads\\\/2024\\\/06\\\/\\u56fd\\u753b\\u8bfe.jpg\",\"image_height\":400,\"image_width\":\"1600\",\"link_style\":\"default\",\"link_text\":\"Read more\",\"margin\":\"\",\"meta\":\"\",\"meta_align\":\"below-title\",\"meta_element\":\"div\",\"meta_margin\":\"small\",\"meta_style\":\"text-meta\",\"overlay_hover\":false,\"overlay_mode\":\"cover\",\"overlay_padding\":\"large\",\"overlay_position\":\"bottom\",\"overlay_style\":\"overlay-default\",\"overlay_transition\":\"scale-up\",\"text_align\":\"center\",\"text_color\":\"\",\"title\":\"Activit\\u00e9s du mercredi\",\"title_color\":\"primary\",\"title_element\":\"h3\",\"title_hover_style\":\"reset\",\"title_style\":\"heading-small\"}},{\"type\":\"headline\",\"props\":{\"block_align\":\"center\",\"content\":\"\n\n<h2>Activit\\u00e9s du mercredi<br \\\/>2026-2027<br \\\/><br \\\/><\\\/h2>\",\"margin\":\"large\",\"margin_remove_top\":false,\"maxwidth\":\"large\",\"maxwidth_breakpoint\":\"s\",\"text_align\":\"center\",\"text_align_breakpoint\":\"s\",\"text_align_fallback\":\"center\",\"title_element\":\"div\",\"title_style\":\"heading-medium\"}},{\"type\":\"text\",\"props\":{\"block_align\":\"center\",\"column_breakpoint\":\"m\",\"content\":\"\n\n<p>Les activit\\u00e9s d'immersion en chinois de l\\u2019Association de la Jeunesse Internationale pour l'ann\\u00e9e scolaire 2026-2027 est l\\u00e0 !<\\\/p>\\n\n\n<p>Tous les mercredis, venez apprendre le chinois en immersion totale ! Le matin : cours de langue chinoise. L'apr\\u00e8s-midi : cours sur la culture chinoise, avec une sortie au mus\\u00e9e ou une excursion en plein air tous les deux mois.<\\\/p>\\n\n\n<p>Pour plus de d\\u00e9tails, veuillez consulter l'affiche. Inscrivez-vous d\\u00e8s maintenant !<\\\/p>\",\"margin\":\"default\",\"maxwidth\":\"xlarge\"}},{\"type\":\"image\",\"props\":{\"block_align\":\"center\",\"image\":\"wp-content\\\/uploads\\\/2024\\\/06\\\/\\u5b66\\u6bdb\\u7b14\\u5b57.jpg\",\"image_svg_color\":\"emphasis\",\"margin\":\"default\",\"maxwidth\":\"xlarge\",\"text_align\":\"center\"},\"name\":\"\\u6d77\\u62a5\\u4e0a\\u65b9\\u5355\\u56fe\"},{\"name\":\"\\u5e76\\u6392\\u53cc\\u6d77\\u62a5\",\"type\":\"gallery\",\"children\":[{\"type\":\"gallery_item\",\"props\":{\"hover_image\":\"\",\"image\":\"wp-content\\\/uploads\\\/2026\\\/04\\\/2026-2027-stage-chinois-du-mercredi.jpg\"}},{\"type\":\"gallery_item\",\"props\":{\"image\":\"wp-content\\\/uploads\\\/2026\\\/04\\\/2026-2027\\u5468\\u4e09\\u8425\\u6d77\\u62a5.jpg\"}}],\"props\":{\"filter_align\":\"left\",\"filter_all\":true,\"filter_grid_breakpoint\":\"m\",\"filter_grid_width\":\"auto\",\"filter_position\":\"top\",\"filter_style\":\"tab\",\"grid_column_gap\":\"small\",\"grid_default\":\"1\",\"grid_medium\":\"\",\"grid_row_gap\":\"small\",\"grid_small\":\"2\",\"image_width\":\"610\",\"item_animation\":true,\"lightbox\":true,\"lightbox_image_height\":\"900\",\"link_style\":\"text\",\"link_text\":\"View\",\"margin\":\"default\",\"meta_align\":\"below-title\",\"meta_element\":\"div\",\"meta_style\":\"text-meta\",\"overlay_hover\":true,\"overlay_link\":true,\"overlay_mode\":\"cover\",\"overlay_position\":\"center\",\"overlay_style\":\"overlay-default\",\"overlay_transition\":\"fade\",\"parallax_easing\":\"1\",\"show_content\":true,\"show_hover_image\":true,\"show_hover_video\":true,\"show_link\":true,\"show_meta\":true,\"show_title\":true,\"text_align\":\"center\",\"text_color\":\"\",\"title_element\":\"h3\",\"title_hover_style\":\"reset\"}}]}]},{\"type\":\"row\",\"children\":[{\"type\":\"column\",\"props\":{\"image_position\":\"center-center\",\"position_sticky_breakpoint\":\"m\"},\"children\":[{\"type\":\"image\",\"props\":{\"image\":\"wp-content\\\/uploads\\\/2024\\\/05\\\/1_1014360817_171_85_3_842406401_8d748b0028c7591f5b56eab480f86e9f.png\",\"image_svg_color\":\"emphasis\",\"link\":\"https:\\\/\\\/docs.google.com\\\/forms\\\/d\\\/e\\\/1FAIpQLSc7_auaRm7dolCVCxnUAPay7epkPxnJN5xHkaFOrC68JyEGgw\\\/viewform?usp=sf_link\",\"margin\":\"default\",\"text_align\":\"center\"}}]}]},{\"type\":\"row\",\"children\":[{\"type\":\"column\",\"props\":{\"image_position\":\"center-center\",\"position_sticky_breakpoint\":\"m\"},\"children\":[{\"type\":\"button\",\"props\":{\"grid_column_gap\":\"small\",\"grid_row_gap\":\"small\",\"margin\":\"default\",\"text_align\":\"center\"},\"children\":[{\"type\":\"button_item\",\"props\":{\"button_style\":\"default\",\"content\":\"Inscription aux activit\\u00e9s du mercredi\",\"icon\":\"\",\"icon_align\":\"left\",\"link\":\"https:\\\/\\\/docs.google.com\\\/forms\\\/d\\\/e\\\/1FAIpQLSdBSxTWBQ6-qydO7HoTwutxKaFDejG2EXArXDdVKIKCBTJfSw\\\/viewform?usp=sf_link\"}}]}]}]},{\"type\":\"row\",\"props\":{\"column_gap\":\"collapse\",\"layout\":\"1-2,1-2\",\"width\":\"xsmall\"},\"children\":[{\"type\":\"column\",\"props\":{\"image_position\":\"center-center\",\"position_sticky_breakpoint\":\"m\",\"width_medium\":\"1-2\"}},{\"type\":\"column\",\"props\":{\"image_position\":\"center-center\",\"position_sticky_breakpoint\":\"m\",\"width_medium\":\"1-2\"}}]}]},{\"name\":\"\\u62a5\\u540d\",\"type\":\"section\",\"props\":{\"animation\":\"fade\",\"css\":\".el-section > div {\\n\\tborder-top: 150px solid transparent;\\n    background-origin: border-box;\\n}\",\"image\":\"wp-content\\\/uploads\\\/yootheme\\\/section-bg-large.svg\",\"image_position\":\"top-center\",\"image_size\":\"cover\",\"image_width\":\"2560\",\"overlap\":true,\"style\":\"default\",\"title_breakpoint\":\"xl\",\"title_position\":\"top-left\",\"title_rotation\":\"left\",\"vertical_align\":\"middle\",\"width\":\"large\"},\"children\":[{\"type\":\"row\",\"props\":{\"match\":false,\"vertical_align\":true,\"width\":\"large\"},\"children\":[{\"type\":\"column\",\"props\":{\"image_position\":\"center-center\",\"position_sticky_breakpoint\":\"m\",\"vertical_align\":\"middle\"},\"children\":[{\"type\":\"headline\",\"props\":{\"content\":\"\n\n<h6 style=\\\"text-align: center;\\\">Si vous avez des questions, veuillez scanner le code QR pour contacter le service client de l\\u2019Association de la Jeunesse Internationale sur WeChat.<\\\/h6>\",\"title_element\":\"h1\"}},{\"type\":\"image\",\"props\":{\"image\":\"wp-content\\\/uploads\\\/2021\\\/06\\\/weichat-e1623167909336.jpg\",\"image_svg_color\":\"emphasis\",\"margin\":\"default\",\"text_align\":\"center\"}}]}]}],\"modified\":\"2021-06-23T16:41:42.926Z\"},{\"type\":\"section\",\"props\":{\"image_position\":\"center-center\",\"style\":\"default\",\"title_breakpoint\":\"xl\",\"title_position\":\"top-left\",\"title_rotation\":\"left\",\"vertical_align\":\"middle\",\"width\":\"default\"},\"children\":[{\"type\":\"row\",\"children\":[{\"type\":\"column\",\"props\":{\"image_position\":\"center-center\",\"position_sticky_breakpoint\":\"m\"}}]}]}],\"version\":\"4.3.13\"} --><\/p>\n","protected":false},"excerpt":{"rendered":"<p>Activit\u00e9s du mercredi Activit\u00e9s du mercredi2026-2027 Les activit\u00e9s d&rsquo;immersion en chinois de l\u2019Association de la Jeunesse Internationale pour l&rsquo;ann\u00e9e scolaire 2026-2027 est l\u00e0 ! Tous les mercredis, venez apprendre le chinois en immersion totale ! Le matin : cours de langue chinoise. L&rsquo;apr\u00e8s-midi : cours sur la culture chinoise, avec une sortie au mus\u00e9e ou [&hellip;]<\/p>\n","protected":false},"author":2,"featured_media":0,"parent":2044,"menu_order":0,"comment_status":"closed","ping_status":"closed","template":"","meta":{"_acf_changed":false,"footnotes":""},"acf":[],"_links":{"self":[{"href":"https:\/\/kubawa.net\/fr\/wp-json\/wp\/v2\/pages\/2052"}],"collection":[{"href":"https:\/\/kubawa.net\/fr\/wp-json\/wp\/v2\/pages"}],"about":[{"href":"https:\/\/kubawa.net\/fr\/wp-json\/wp\/v2\/types\/page"}],"author":[{"embeddable":true,"href":"https:\/\/kubawa.net\/fr\/wp-json\/wp\/v2\/users\/2"}],"replies":[{"embeddable":true,"href":"https:\/\/kubawa.net\/fr\/wp-json\/wp\/v2\/comments?post=2052"}],"version-history":[{"count":9,"href":"https:\/\/kubawa.net\/fr\/wp-json\/wp\/v2\/pages\/2052\/revisions"}],"predecessor-version":[{"id":2583,"href":"https:\/\/kubawa.net\/fr\/wp-json\/wp\/v2\/pages\/2052\/revisions\/2583"}],"up":[{"embeddable":true,"href":"https:\/\/kubawa.net\/fr\/wp-json\/wp\/v2\/pages\/2044"}],"wp:attachment":[{"href":"https:\/\/kubawa.net\/fr\/wp-json\/wp\/v2\/media?parent=2052"}],"curies":[{"name":"wp","href":"https:\/\/api.w.org\/{rel}","templated":true}]}}