{"id":2058,"date":"2021-06-23T16:34:46","date_gmt":"2021-06-23T16:34:46","guid":{"rendered":"https:\/\/kubawa.net\/inscription\/"},"modified":"2026-04-01T19:21:37","modified_gmt":"2026-04-01T19:21:37","slug":"inscription","status":"publish","type":"page","link":"https:\/\/kubawa.net\/fr\/inscription\/","title":{"rendered":"Inscription"},"content":{"rendered":"<div>\n<p>        <img decoding=\"async\" src=\"\/wp-content\/uploads\/2024\/06\/%E6%B4%BB%E5%8A%A8%E8%AF%BE1.jpg\" alt=\"\"><\/p>\n<h3>Inscription<\/h3>\n<\/div>\n<div>\n<h4 class=\"MsoNormal\"><span lang=\"FR\" style=\"mso-ansi-language: FR;\">Inscriptions ouvertes pour l&rsquo;ann\u00e9e scolaire 2026-2027 !<\/span><\/h4>\n<\/div>\n<p><img decoding=\"async\" src=\"\/wp-content\/uploads\/2024\/06\/%E5%AD%A6%E4%B8%AD%E6%96%872.jpg\" alt=\"\"><br \/>\n<img decoding=\"async\" src=\"\/wp-content\/uploads\/2024\/06\/%E5%AD%A6%E4%B8%AD%E6%96%874.jpg\" alt=\"\"><\/p>\n<div>\n<p>Bienvenue \u00e0 l&rsquo;Association de la Jeunesse Internationale !<\/p>\n<p>L&rsquo;inscription des nouveaux \u00e9l\u00e8ves pour l&rsquo;ann\u00e9e scolaire 2026-2027 \u00e0 l\u2019Association de la Jeunesse Internationale est officiellement ouverte !<\/p>\n<p>\u2b50 Excellents enseignants proposant des cours de qualit\u00e9 : chinois, chinois (version \u00e9dit\u00e9e par le minist\u00e8re de l&rsquo;\u00c9ducation de Chine), Cambridge English, math\u00e9matiques, guzheng, peinture traditionnelle chinoise, activit\u00e9s de chinois du mercredi, etc.<\/p>\n<ul>\n<li>Programmes de chinois sp\u00e9cialement con\u00e7us pour les enfants vivant \u00e0 l&rsquo;\u00e9tranger, tr\u00e8s appr\u00e9ci\u00e9s des \u00e9l\u00e8ves ayant un niveau \u00e9lev\u00e9 en chinois.<\/li>\n<li>Cours de math\u00e9matiques uniques, suivant les comp\u00e9titions internationales Kangourou.<\/li>\n<li>Enseignants natifs sp\u00e9cialis\u00e9s dans les diff\u00e9rents niveaux des examens Cambridge English.<\/li>\n<li>Activit\u00e9s culturelles tous les mercredis.<\/li>\n<\/ul>\n<p>\u2b50 Nous maintenons toujours l&rsquo;avantage des petits groupes : cours en ligne de 4 \u00e0 6 \u00e9l\u00e8ves, cours en pr\u00e9sentiel de 6 \u00e0 10 \u00e9l\u00e8ves (g\u00e9n\u00e9ralement pas plus de 8 \u00e9l\u00e8ves pour les classes d&rsquo;\u00e9veil). Les cours en ligne commencent d\u00e8s 3\/4 inscrits, et les cours en pr\u00e9sentiel d\u00e8s 5\/6 inscrits. Nous veillons \u00e0 l&rsquo;apprentissage et au d\u00e9veloppement individualis\u00e9 de chaque enfant.<\/p>\n<p>Date de rentr\u00e9e : 12\/13 septembre 2026.<\/p>\n<\/div>\n<p><img decoding=\"async\" src=\"\/wp-content\/uploads\/2026\/04\/2026-2027-Cours-du-dimanche-fr.png\" alt=\"\"><br \/>\n<img decoding=\"async\" src=\"\/wp-content\/uploads\/2026\/04\/2026-2027-Cours-du-mercredi-et-samedi-fr.png\" alt=\"\"><br \/>\n<img decoding=\"async\" src=\"\/wp-content\/uploads\/2026\/04\/2026-2027-Cours-en-ligne.jpg\" alt=\"\"><br \/>\n<a href=\"https:\/\/docs.google.com\/forms\/d\/e\/1FAIpQLSdnK2KC1kAzQBG4l0DQt3D9y6i8u-GGBvi-rGLwQ_m8kKTotg\/viewform\"><img decoding=\"async\" src=\"\/wp-content\/uploads\/2026\/04\/httpsdocs.google.comformsde1FAIpQLSdKY3POwZ2-tdt9yuP8O6rYcJJqcmjxCcmYDgJE2azqbdlf1Qviewformuspheader.png\" alt=\"\"><\/a><\/p>\n<p>\n    <a href=\"https:\/\/docs.google.com\/forms\/d\/e\/1FAIpQLSdnK2KC1kAzQBG4l0DQt3D9y6i8u-GGBvi-rGLwQ_m8kKTotg\/viewform?usp=sf_link\">Inscription du cours en pr\u00e9sentiel<\/a>\n<\/p>\n<p><a href=\"https:\/\/docs.google.com\/forms\/d\/e\/1FAIpQLSd44YyoHrqJpM4D6ZuwUfDAUL9iW2jB-WFQ_rxkcrVouhT3Eg\/viewform?usp=sf_link\"><img decoding=\"async\" src=\"\/wp-content\/uploads\/2026\/04\/httpsdocs.google.comformsde1FAIpQLSeLprZwffEOTDG6rEVc61apt1pRGeDoQ99iIt8HEYfcLDgzYgviewformuspheader.png\" alt=\"\"><\/a><\/p>\n<p>\n    <a href=\"https:\/\/docs.google.com\/forms\/d\/e\/1FAIpQLSd44YyoHrqJpM4D6ZuwUfDAUL9iW2jB-WFQ_rxkcrVouhT3Eg\/viewform?usp=sf_link\">Inscription du cours en ligne<\/a>\n<\/p>\n<h1>\n<h6 style=\"text-align: center;\">Si vous avez des questions, veuillez scanner le code QR pour contacter le service client de l\u2019Association de la Jeunesse Internationale sur WeChat.<\/h6>\n<\/h1>\n<p><img decoding=\"async\" src=\"\/wp-content\/uploads\/2021\/06\/weichat-e1623167909336.jpg\" alt=\"\"><\/p>\n<p><!--more--><br \/>\n<!-- {\"children\":[{\"name\":\"Hero\",\"type\":\"section\",\"props\":{\"animation\":\"fade\",\"image\":\"wp-content\\\/uploads\\\/yootheme\\\/training-hero-bg.svg\",\"image_position\":\"center-left\",\"image_size\":\"contain\",\"padding_remove_bottom\":false,\"padding_remove_top\":false,\"style\":\"default\",\"title_breakpoint\":\"xl\",\"title_position\":\"top-left\",\"title_rotation\":\"left\",\"vertical_align\":\"middle\",\"width\":\"large\"},\"children\":[{\"type\":\"row\",\"children\":[{\"type\":\"column\",\"props\":{\"image_position\":\"center-center\",\"position_sticky_breakpoint\":\"m\"},\"children\":[{\"name\":\"\\u62ac\\u5934\",\"type\":\"overlay\",\"props\":{\"image\":\"wp-content\\\/uploads\\\/2024\\\/06\\\/\\u6d3b\\u52a8\\u8bfe1.jpg\",\"image_height\":400,\"image_width\":\"1600\",\"link_style\":\"default\",\"link_text\":\"Read more\",\"margin\":\"\",\"meta\":\"\",\"meta_align\":\"below-title\",\"meta_element\":\"div\",\"meta_margin\":\"small\",\"meta_style\":\"text-meta\",\"overlay_hover\":false,\"overlay_mode\":\"cover\",\"overlay_padding\":\"large\",\"overlay_position\":\"bottom\",\"overlay_style\":\"overlay-default\",\"overlay_transition\":\"scale-up\",\"text_align\":\"center\",\"text_color\":\"\",\"title\":\"Inscription\",\"title_color\":\"primary\",\"title_element\":\"h3\",\"title_hover_style\":\"reset\",\"title_style\":\"heading-small\"}},{\"type\":\"headline\",\"props\":{\"block_align\":\"center\",\"content\":\"\n\n<h4 class=\\\"MsoNormal\\\"><span lang=\\\"FR\\\" style=\\\"mso-ansi-language: FR;\\\">Inscriptions ouvertes pour l'ann\\u00e9e scolaire 2026-2027 !<\\\/span><\\\/h4>\",\"margin\":\"large\",\"margin_remove_top\":false,\"maxwidth\":\"large\",\"maxwidth_breakpoint\":\"s\",\"text_align\":\"center\",\"text_align_breakpoint\":\"s\",\"text_align_fallback\":\"center\",\"title_element\":\"div\",\"title_style\":\"heading-medium\"}}]}]},{\"type\":\"row\",\"props\":{\"layout\":\"1-3,2-3\",\"vertical_align\":true,\"width\":\"small\"},\"children\":[{\"type\":\"column\",\"props\":{\"image_position\":\"center-center\",\"position_sticky_breakpoint\":\"m\",\"width_medium\":\"1-3\"},\"children\":[{\"type\":\"image\",\"props\":{\"image\":\"wp-content\\\/uploads\\\/2024\\\/06\\\/\\u5b66\\u4e2d\\u65872.jpg\",\"image_svg_color\":\"emphasis\",\"image_svg_inline\":true,\"margin\":\"default\",\"text_align\":\"center\"}},{\"type\":\"image\",\"props\":{\"image\":\"wp-content\\\/uploads\\\/2024\\\/06\\\/\\u5b66\\u4e2d\\u65874.jpg\",\"image_svg_color\":\"emphasis\",\"margin\":\"default\"}}]},{\"type\":\"column\",\"props\":{\"image_position\":\"center-center\",\"position_sticky_breakpoint\":\"m\",\"vertical_align\":\"middle\",\"width_medium\":\"2-3\"},\"children\":[{\"type\":\"text\",\"props\":{\"column_breakpoint\":\"m\",\"content\":\"\n\n<p>Bienvenue \\u00e0 l'Association de la Jeunesse Internationale !<\\\/p>\\n\n\n<p>L'inscription des nouveaux \\u00e9l\\u00e8ves pour l'ann\\u00e9e scolaire 2026-2027 \\u00e0 l\\u2019Association de la Jeunesse Internationale est officiellement ouverte !<\\\/p>\\n\n\n<p>\\u2b50 Excellents enseignants proposant des cours de qualit\\u00e9 : chinois, chinois (version \\u00e9dit\\u00e9e par le minist\\u00e8re de l'\\u00c9ducation de Chine), Cambridge English, math\\u00e9matiques, guzheng, peinture traditionnelle chinoise, activit\\u00e9s de chinois du mercredi, etc.<\\\/p>\\n\n\n<ul>\\n\n\n<li>Programmes de chinois sp\\u00e9cialement con\\u00e7us pour les enfants vivant \\u00e0 l'\\u00e9tranger, tr\\u00e8s appr\\u00e9ci\\u00e9s des \\u00e9l\\u00e8ves ayant un niveau \\u00e9lev\\u00e9 en chinois.<\\\/li>\\n\n\n<li>Cours de math\\u00e9matiques uniques, suivant les comp\\u00e9titions internationales Kangourou.<\\\/li>\\n\n\n<li>Enseignants natifs sp\\u00e9cialis\\u00e9s dans les diff\\u00e9rents niveaux des examens Cambridge English.<\\\/li>\\n\n\n<li>Activit\\u00e9s culturelles tous les mercredis.<\\\/li>\\n<\\\/ul>\\n\n\n<p><br \\\/>\\u2b50 Nous maintenons toujours l'avantage des petits groupes : cours en ligne de 4 \\u00e0 6 \\u00e9l\\u00e8ves, cours en pr\\u00e9sentiel de 6 \\u00e0 10 \\u00e9l\\u00e8ves (g\\u00e9n\\u00e9ralement pas plus de 8 \\u00e9l\\u00e8ves pour les classes d'\\u00e9veil). Les cours en ligne commencent d\\u00e8s 3\\\/4 inscrits, et les cours en pr\\u00e9sentiel d\\u00e8s 5\\\/6 inscrits. Nous veillons \\u00e0 l'apprentissage et au d\\u00e9veloppement individualis\\u00e9 de chaque enfant.<\\\/p>\\n\n\n<p>Date de rentr\\u00e9e : 12\\\/13 septembre 2026.<\\\/p>\",\"margin\":\"default\"}}]}]},{\"type\":\"row\",\"children\":[{\"type\":\"column\",\"props\":{\"image_position\":\"center-center\",\"position_sticky_breakpoint\":\"m\"},\"children\":[{\"type\":\"image\",\"props\":{\"block_align\":\"center\",\"image\":\"wp-content\\\/uploads\\\/2026\\\/04\\\/2026-2027-Cours-du-dimanche-fr.png\",\"image_svg_color\":\"emphasis\",\"margin\":\"large\",\"maxwidth\":\"2xlarge\",\"text_align\":\"center\"}},{\"type\":\"image\",\"props\":{\"block_align\":\"center\",\"image\":\"wp-content\\\/uploads\\\/2026\\\/04\\\/2026-2027-Cours-du-mercredi-et-samedi-fr.png\",\"image_svg_color\":\"emphasis\",\"margin\":\"large\",\"maxwidth\":\"2xlarge\"}},{\"type\":\"image\",\"props\":{\"block_align\":\"center\",\"image\":\"wp-content\\\/uploads\\\/2026\\\/04\\\/2026-2027-Cours-en-ligne.jpg\",\"image_svg_color\":\"emphasis\",\"margin\":\"large\",\"maxwidth\":\"2xlarge\"}}]}]},{\"type\":\"row\",\"props\":{\"column_gap\":\"collapse\",\"layout\":\"1-2,1-2\",\"width\":\"xsmall\"},\"children\":[{\"type\":\"column\",\"props\":{\"image_position\":\"center-center\",\"position_sticky_breakpoint\":\"m\",\"width_medium\":\"1-2\"},\"children\":[{\"type\":\"image\",\"props\":{\"image\":\"wp-content\\\/uploads\\\/2026\\\/04\\\/httpsdocs.google.comformsde1FAIpQLSdKY3POwZ2-tdt9yuP8O6rYcJJqcmjxCcmYDgJE2azqbdlf1Qviewformuspheader.png\",\"image_svg_color\":\"emphasis\",\"link\":\"https:\\\/\\\/docs.google.com\\\/forms\\\/d\\\/e\\\/1FAIpQLSdnK2KC1kAzQBG4l0DQt3D9y6i8u-GGBvi-rGLwQ_m8kKTotg\\\/viewform\",\"margin\":\"default\",\"text_align\":\"center\"}},{\"type\":\"button\",\"props\":{\"grid_column_gap\":\"small\",\"grid_row_gap\":\"small\",\"margin\":\"default\",\"text_align\":\"center\"},\"children\":[{\"type\":\"button_item\",\"props\":{\"button_style\":\"default\",\"content\":\"Inscription du cours en pr\\u00e9sentiel\",\"icon\":\"\",\"icon_align\":\"left\",\"link\":\"https:\\\/\\\/docs.google.com\\\/forms\\\/d\\\/e\\\/1FAIpQLSdnK2KC1kAzQBG4l0DQt3D9y6i8u-GGBvi-rGLwQ_m8kKTotg\\\/viewform?usp=sf_link\"}}]}]},{\"type\":\"column\",\"props\":{\"image_position\":\"center-center\",\"position_sticky_breakpoint\":\"m\",\"width_medium\":\"1-2\"},\"children\":[{\"type\":\"image\",\"props\":{\"image\":\"wp-content\\\/uploads\\\/2026\\\/04\\\/httpsdocs.google.comformsde1FAIpQLSeLprZwffEOTDG6rEVc61apt1pRGeDoQ99iIt8HEYfcLDgzYgviewformuspheader.png\",\"image_svg_color\":\"emphasis\",\"link\":\"https:\\\/\\\/docs.google.com\\\/forms\\\/d\\\/e\\\/1FAIpQLSd44YyoHrqJpM4D6ZuwUfDAUL9iW2jB-WFQ_rxkcrVouhT3Eg\\\/viewform?usp=sf_link\",\"margin\":\"default\",\"text_align\":\"center\"}},{\"type\":\"button\",\"props\":{\"grid_column_gap\":\"small\",\"grid_row_gap\":\"small\",\"margin\":\"default\",\"text_align\":\"center\"},\"children\":[{\"type\":\"button_item\",\"props\":{\"button_style\":\"default\",\"content\":\"Inscription du cours en ligne\",\"icon_align\":\"left\",\"link\":\"https:\\\/\\\/docs.google.com\\\/forms\\\/d\\\/e\\\/1FAIpQLSd44YyoHrqJpM4D6ZuwUfDAUL9iW2jB-WFQ_rxkcrVouhT3Eg\\\/viewform?usp=sf_link\"}}]}]}]}]},{\"name\":\"\\u62a5\\u540d\",\"type\":\"section\",\"props\":{\"animation\":\"fade\",\"css\":\".el-section > div {\\n\\tborder-top: 150px solid transparent;\\n    background-origin: border-box;\\n}\",\"image\":\"wp-content\\\/uploads\\\/yootheme\\\/section-bg-large.svg\",\"image_position\":\"top-center\",\"image_size\":\"cover\",\"image_width\":\"2560\",\"overlap\":true,\"style\":\"default\",\"title_breakpoint\":\"xl\",\"title_position\":\"top-left\",\"title_rotation\":\"left\",\"vertical_align\":\"middle\",\"width\":\"large\"},\"children\":[{\"type\":\"row\",\"props\":{\"match\":false,\"vertical_align\":true,\"width\":\"large\"},\"children\":[{\"type\":\"column\",\"props\":{\"image_position\":\"center-center\",\"position_sticky_breakpoint\":\"m\",\"vertical_align\":\"middle\"},\"children\":[{\"type\":\"headline\",\"props\":{\"content\":\"\n\n<h6 style=\\\"text-align: center;\\\">Si vous avez des questions, veuillez scanner le code QR pour contacter le service client de l\\u2019Association de la Jeunesse Internationale sur WeChat.<\\\/h6>\",\"title_element\":\"h1\"}},{\"type\":\"image\",\"props\":{\"image\":\"wp-content\\\/uploads\\\/2021\\\/06\\\/weichat-e1623167909336.jpg\",\"image_svg_color\":\"emphasis\",\"margin\":\"default\",\"text_align\":\"center\"}}]}]}],\"modified\":\"2021-06-23T16:41:42.926Z\"},{\"type\":\"section\",\"props\":{\"image_position\":\"center-center\",\"style\":\"default\",\"title_breakpoint\":\"xl\",\"title_position\":\"top-left\",\"title_rotation\":\"left\",\"vertical_align\":\"middle\",\"width\":\"default\"},\"children\":[{\"type\":\"row\",\"children\":[{\"type\":\"column\",\"props\":{\"image_position\":\"center-center\",\"position_sticky_breakpoint\":\"m\"}}]}]}],\"version\":\"4.3.13\",\"type\":\"layout\"} --><\/p>\n","protected":false},"excerpt":{"rendered":"<p>Inscription Inscriptions ouvertes pour l&rsquo;ann\u00e9e scolaire 2026-2027 ! Bienvenue \u00e0 l&rsquo;Association de la Jeunesse Internationale ! L&rsquo;inscription des nouveaux \u00e9l\u00e8ves pour l&rsquo;ann\u00e9e scolaire 2026-2027 \u00e0 l\u2019Association de la Jeunesse Internationale est officiellement ouverte ! \u2b50 Excellents enseignants proposant des cours de qualit\u00e9 : chinois, chinois (version \u00e9dit\u00e9e par le minist\u00e8re de l&rsquo;\u00c9ducation de Chine), Cambridge [&hellip;]<\/p>\n","protected":false},"author":1,"featured_media":0,"parent":0,"menu_order":0,"comment_status":"closed","ping_status":"closed","template":"","meta":{"_acf_changed":false,"footnotes":""},"acf":[],"_links":{"self":[{"href":"https:\/\/kubawa.net\/fr\/wp-json\/wp\/v2\/pages\/2058"}],"collection":[{"href":"https:\/\/kubawa.net\/fr\/wp-json\/wp\/v2\/pages"}],"about":[{"href":"https:\/\/kubawa.net\/fr\/wp-json\/wp\/v2\/types\/page"}],"author":[{"embeddable":true,"href":"https:\/\/kubawa.net\/fr\/wp-json\/wp\/v2\/users\/1"}],"replies":[{"embeddable":true,"href":"https:\/\/kubawa.net\/fr\/wp-json\/wp\/v2\/comments?post=2058"}],"version-history":[{"count":19,"href":"https:\/\/kubawa.net\/fr\/wp-json\/wp\/v2\/pages\/2058\/revisions"}],"predecessor-version":[{"id":2589,"href":"https:\/\/kubawa.net\/fr\/wp-json\/wp\/v2\/pages\/2058\/revisions\/2589"}],"wp:attachment":[{"href":"https:\/\/kubawa.net\/fr\/wp-json\/wp\/v2\/media?parent=2058"}],"curies":[{"name":"wp","href":"https:\/\/api.w.org\/{rel}","templated":true}]}}