{"id":2062,"date":"2019-09-09T11:23:16","date_gmt":"2019-09-09T11:23:16","guid":{"rendered":"https:\/\/kubawa.net\/cours-en-ligne\/"},"modified":"2024-06-17T18:03:00","modified_gmt":"2024-06-17T18:03:00","slug":"cours-en-ligne","status":"publish","type":"page","link":"https:\/\/kubawa.net\/fr\/cours-en-ligne\/","title":{"rendered":"Cours en ligne"},"content":{"rendered":"<div>\n<p>        <img decoding=\"async\" src=\"\/wp-content\/uploads\/2024\/06\/%E5%AD%A6%E4%B8%AD%E6%96%874.jpg\" alt=\"\"><\/p>\n<h3>Cours en ligne<\/h3>\n<\/div>\n<h2>Pr\u00e9sentation du programme \u2013 Cours en ligne<\/h2>\n<div>\n<p><span lang=\"FR\" style=\"font-size: 11.0pt; mso-bidi-font-size: 12.0pt; line-height: 115%; font-family: DengXian; mso-ascii-theme-font: minor-latin; mso-fareast-theme-font: minor-fareast; mso-hansi-theme-font: minor-latin; mso-bidi-font-family: 'Times New Roman'; mso-bidi-theme-font: minor-bidi; mso-ansi-language: FR; mso-fareast-language: ZH-CN; mso-bidi-language: AR-SA;\">Depuis sa cr\u00e9ation, les cours en ligne de l\u2019Association de la Jeunesse Internationale ont \u00e9t\u00e9 \u00e9labor\u00e9s par des enseignants professionnels et diversifi\u00e9s, ce qui en fait d\u00e9sormais un syst\u00e8me d&rsquo;enseignement en ligne mature, largement appr\u00e9ci\u00e9 et reconnu par de nombreux \u00e9l\u00e8ves. Pour la nouvelle ann\u00e9e scolaire, nous continuerons \u00e0 vous proposer une vari\u00e9t\u00e9 de cours en ligne de haute qualit\u00e9 :<\/span><\/p>\n<\/div>\n<p>\n    <a href=\"\/fr\/inscription\/\">Cliquez ici pour vous inscrire<\/a>\n<\/p>\n<div>\n<p>    <img decoding=\"async\" src=\"\/wp-content\/uploads\/2024\/06\/Cours-2024-2025-FR.png\" alt=\"\"><\/p>\n<\/div>\n<p><!--more--><br \/>\n<!-- {\"name\":\"Careers\",\"type\":\"layout\",\"children\":[{\"name\":\"Call to Action\",\"type\":\"section\",\"props\":{\"animation\":\"fade\",\"image\":\"wp-content\\\/uploads\\\/yootheme\\\/course-cta-bg.svg\",\"image_position\":\"center-left\",\"image_size\":\"contain\",\"media_visibility\":\"s\",\"padding\":\"xsmall\",\"style\":\"default\",\"title_breakpoint\":\"xl\",\"title_position\":\"top-left\",\"title_rotation\":\"left\",\"vertical_align\":\"middle\",\"width\":\"large\"},\"children\":[{\"type\":\"row\",\"children\":[{\"type\":\"column\",\"props\":{\"image_position\":\"center-center\",\"position_sticky_breakpoint\":\"m\"},\"children\":[{\"name\":\"\\u62ac\\u5934\\u8bfe\\u7a0b\",\"type\":\"overlay\",\"props\":{\"image\":\"wp-content\\\/uploads\\\/2024\\\/06\\\/\\u5b66\\u4e2d\\u65874.jpg\",\"image_height\":400,\"image_width\":1600,\"link_style\":\"default\",\"link_text\":\"Read more\",\"margin\":\"\",\"meta\":\"\",\"meta_align\":\"below-title\",\"meta_element\":\"div\",\"meta_margin\":\"small\",\"meta_style\":\"text-meta\",\"overlay_hover\":false,\"overlay_mode\":\"cover\",\"overlay_padding\":\"large\",\"overlay_position\":\"bottom\",\"overlay_style\":\"overlay-default\",\"overlay_transition\":\"scale-up\",\"text_align\":\"center\",\"text_color\":\"\",\"title\":\"Cours en ligne\",\"title_color\":\"primary\",\"title_element\":\"h3\",\"title_font_family\":\"primary\",\"title_hover_style\":\"reset\",\"title_style\":\"heading-small\"}}]}]},{\"type\":\"row\",\"props\":{\"vertical_align\":true},\"children\":[{\"type\":\"column\",\"props\":{\"image_position\":\"center-center\",\"position_sticky_breakpoint\":\"m\",\"vertical_align\":\"middle\"},\"children\":[{\"type\":\"headline\",\"props\":{\"content\":\"Pr\\u00e9sentation du programme \\u2013 Cours en ligne\",\"text_align\":\"center\",\"text_align_breakpoint\":\"m\",\"text_align_fallback\":\"center\",\"title_element\":\"h2\",\"title_style\":\"h3\"}},{\"type\":\"text\",\"props\":{\"block_align\":\"center\",\"column_breakpoint\":\"m\",\"content\":\"\n\n<p><span lang=\\\"FR\\\" style=\\\"font-size: 11.0pt; mso-bidi-font-size: 12.0pt; line-height: 115%; font-family: DengXian; mso-ascii-theme-font: minor-latin; mso-fareast-theme-font: minor-fareast; mso-hansi-theme-font: minor-latin; mso-bidi-font-family: 'Times New Roman'; mso-bidi-theme-font: minor-bidi; mso-ansi-language: FR; mso-fareast-language: ZH-CN; mso-bidi-language: AR-SA;\\\">Depuis sa cr\\u00e9ation, les cours en ligne de l\\u2019Association de la Jeunesse Internationale ont \\u00e9t\\u00e9 \\u00e9labor\\u00e9s par des enseignants professionnels et diversifi\\u00e9s, ce qui en fait d\\u00e9sormais un syst\\u00e8me d'enseignement en ligne mature, largement appr\\u00e9ci\\u00e9 et reconnu par de nombreux \\u00e9l\\u00e8ves. Pour la nouvelle ann\\u00e9e scolaire, nous continuerons \\u00e0 vous proposer une vari\\u00e9t\\u00e9 de cours en ligne de haute qualit\\u00e9 :<\\\/span><\\\/p>\",\"margin\":\"default\",\"maxwidth\":\"large\",\"maxwidth_breakpoint\":\"m\",\"text_align\":\"left\",\"text_align_breakpoint\":\"m\",\"text_align_fallback\":\"center\",\"text_style\":\"small\"}},{\"type\":\"button\",\"props\":{\"button_size\":\"large\",\"grid_column_gap\":\"small\",\"grid_row_gap\":\"small\",\"margin\":\"medium\",\"text_align\":\"center\",\"text_align_breakpoint\":\"m\",\"text_align_fallback\":\"center\"},\"children\":[{\"type\":\"button_item\",\"props\":{\"button_style\":\"default\",\"content\":\"Cliquez ici pour vous inscrire\",\"icon_align\":\"left\",\"link\":\"fr\\\/inscription\\\/\"}}]}]}]},{\"type\":\"row\",\"children\":[{\"type\":\"column\",\"props\":{\"image_position\":\"center-center\",\"position_sticky_breakpoint\":\"m\"},\"children\":[{\"type\":\"gallery\",\"props\":{\"filter_align\":\"left\",\"filter_all\":true,\"filter_grid_breakpoint\":\"m\",\"filter_grid_width\":\"auto\",\"filter_position\":\"top\",\"filter_style\":\"tab\",\"grid_default\":\"1\",\"grid_medium\":\"\",\"image_box_decoration\":\"secondary\",\"item_animation\":true,\"lightbox\":true,\"lightbox_image_orientation\":false,\"link_style\":\"default\",\"link_text\":\"\\u653e\\u5927\\u67e5\\u770b\",\"margin\":\"default\",\"meta_align\":\"below-title\",\"meta_element\":\"div\",\"meta_style\":\"text-meta\",\"overlay_hover\":true,\"overlay_mode\":\"cover\",\"overlay_position\":\"center\",\"overlay_style\":\"overlay-primary\",\"overlay_transition\":\"fade\",\"parallax_easing\":\"1\",\"show_content\":true,\"show_hover_image\":true,\"show_link\":true,\"show_meta\":true,\"show_title\":true,\"text_align\":\"center\",\"text_color\":\"light\",\"title_element\":\"h3\",\"title_hover_style\":\"reset\"},\"children\":[{\"type\":\"gallery_item\",\"props\":{\"image\":\"wp-content\\\/uploads\\\/2024\\\/06\\\/Cours-2024-2025-FR.png\"}}]}]}]}]}],\"version\":\"4.3.13\"} --><\/p>\n","protected":false},"excerpt":{"rendered":"<p>Cours en ligne Pr\u00e9sentation du programme \u2013 Cours en ligne Depuis sa cr\u00e9ation, les cours en ligne de l\u2019Association de la Jeunesse Internationale ont \u00e9t\u00e9 \u00e9labor\u00e9s par des enseignants professionnels et diversifi\u00e9s, ce qui en fait d\u00e9sormais un syst\u00e8me d&rsquo;enseignement en ligne mature, largement appr\u00e9ci\u00e9 et reconnu par de nombreux \u00e9l\u00e8ves. Pour la nouvelle ann\u00e9e [&hellip;]<\/p>\n","protected":false},"author":1,"featured_media":0,"parent":0,"menu_order":3,"comment_status":"open","ping_status":"closed","template":"","meta":{"_acf_changed":false,"footnotes":""},"acf":[],"_links":{"self":[{"href":"https:\/\/kubawa.net\/fr\/wp-json\/wp\/v2\/pages\/2062"}],"collection":[{"href":"https:\/\/kubawa.net\/fr\/wp-json\/wp\/v2\/pages"}],"about":[{"href":"https:\/\/kubawa.net\/fr\/wp-json\/wp\/v2\/types\/page"}],"author":[{"embeddable":true,"href":"https:\/\/kubawa.net\/fr\/wp-json\/wp\/v2\/users\/1"}],"replies":[{"embeddable":true,"href":"https:\/\/kubawa.net\/fr\/wp-json\/wp\/v2\/comments?post=2062"}],"version-history":[{"count":6,"href":"https:\/\/kubawa.net\/fr\/wp-json\/wp\/v2\/pages\/2062\/revisions"}],"predecessor-version":[{"id":2376,"href":"https:\/\/kubawa.net\/fr\/wp-json\/wp\/v2\/pages\/2062\/revisions\/2376"}],"wp:attachment":[{"href":"https:\/\/kubawa.net\/fr\/wp-json\/wp\/v2\/media?parent=2062"}],"curies":[{"name":"wp","href":"https:\/\/api.w.org\/{rel}","templated":true}]}}