{"id":2063,"date":"2019-09-09T11:23:16","date_gmt":"2019-09-09T11:23:16","guid":{"rendered":"https:\/\/kubawa.net\/olympiade-mathematique\/"},"modified":"2024-06-13T09:13:38","modified_gmt":"2024-06-13T09:13:38","slug":"cours-de-mathematiques","status":"publish","type":"page","link":"https:\/\/kubawa.net\/fr\/cours-de-mathematiques\/","title":{"rendered":"Cours de math\u00e9matiques"},"content":{"rendered":"<div>\n<p>        <img decoding=\"async\" src=\"\/wp-content\/uploads\/2024\/06\/%E5%AD%A6%E4%B8%AD%E6%96%874.jpg\" alt=\"\"><\/p>\n<h3>Cours de Math\u00e9matiques<\/h3>\n<\/div>\n<h1>\n<p>Cours de math\u00e9matiques<\/p>\n<p>Pr\u00e9sentation du programme<\/p>\n<\/h1>\n<div>\n<p class=\"MsoNormal\"><span lang=\"FR\" style=\"mso-ansi-language: FR;\">En tant que centre d&rsquo;excellence en \u00e9ducation de qualit\u00e9 \u00e0 Paris, <span>l\u2019Association de la Jeunesse Internationale<\/span> a ouvert des cours de math\u00e9matiques depuis plusieurs ann\u00e9es d\u00e9j\u00e0. Ces cours sont dirig\u00e9s par des professeurs de math\u00e9matiques professionnels de renom tels que ceux de l&rsquo;Universit\u00e9 de P\u00e9kin et de l&rsquo;\u00c9cole Polytechnique de Paris, qui emm\u00e8nent les \u00e9l\u00e8ves dans le monde fascinant et amusant des math\u00e9matiques, leur permettant d&rsquo;\u00e9largir leur pens\u00e9e divergente et leur capacit\u00e9 de raisonnement logique, d&rsquo;explorer les myst\u00e8res des math\u00e9matiques et de tomber amoureux de la beaut\u00e9 des math\u00e9matiques.<o:p><\/o:p><\/span><\/p>\n<p class=\"MsoNormal\"><span lang=\"FR\" style=\"mso-ansi-language: FR;\">Les cours sont dispens\u00e9s en bilingue chinois-fran\u00e7ais, en accord avec le programme de math\u00e9matiques des \u00e9coles fran\u00e7aises, et utilisent des tests r\u00e9els comme ceux des comp\u00e9titions du Kangourou des math\u00e9matiques et Pangea pour l&rsquo;exercice mental. Les \u00e9l\u00e8ves suivront les conseils des professeurs professionnels pour pratiquer sur des questions d&rsquo;examen r\u00e9elles, \u00e9couteront leurs explications et analyses uniques, et d\u00e9velopperont leur pens\u00e9e logique en math\u00e9matiques tout en s&rsquo;amusant !<o:p><\/o:p><\/span><\/p>\n<\/div>\n<p>\n    <a href=\"\/fr\/inscription\/\">Cliquez ici pour vous inscrire<\/a>\n<\/p>\n<div>\n<\/p>\n<\/p>\n<\/p>\n<\/div>\n<p><img decoding=\"async\" src=\"\/wp-content\/uploads\/2021\/06\/cours6.jpg\" alt=\"\"><br \/>\n<img decoding=\"async\" src=\"\/wp-content\/uploads\/2021\/06\/cours7.jpg\" alt=\"\"><\/p>\n<h2>\n<p>Les cours de math\u00e9matiques de\u00a0l\u2019Association de la Jeunesse Internationale\u00a0ont les caract\u00e9ristiques suivantes\u00a0:<\/p>\n<\/h2>\n<ul>\n<li>\n<div>Nombre d&rsquo;\u00e9l\u00e8ves par classe<\/div>\n<hr class=\"uk-divider-small\">\n<div>\n<p>4-6 personnes<\/p>\n<\/div>\n<\/li>\n<li>\n<div>Adapt\u00e9 aux niveaux <\/div>\n<hr class=\"uk-divider-small\">\n<div>\n<p style=\"text-align: center;\">Grande section de maternelle<\/p>\n<p style=\"text-align: center;\">Tous les niveaux de l&rsquo;\u00e9cole primaire<\/p>\n<p style=\"text-align: center;\">Tous les niveaux du coll\u00e8ge et du lyc\u00e9e<\/p>\n<\/div>\n<\/li>\n<li>\n<div>Dur\u00e9e du cours<\/div>\n<hr class=\"uk-divider-small\">\n<div>\n<p>1 heure<\/p>\n<p>ou<\/p>\n<p>1,5 heures<\/p>\n<\/div>\n<\/li>\n<li>\n<div>M\u00e9thode de classe<\/div>\n<hr class=\"uk-divider-small\">\n<div>\n<p>Cours interactifs en ligne en direct<\/p>\n<p>(cours sur iPad ou ordinateur)<\/p>\n<\/div>\n<\/li>\n<\/ul>\n<h2>\n<p><strong>Nos professeurs <\/strong><\/p>\n<\/h2>\n<ul>\n<li>\n<h3>Lin<\/h3>\n<div>\n<p>Dipl\u00f4m\u00e9 de l&rsquo;\u00c9cole des sciences math\u00e9matiques de l&rsquo;Universit\u00e9 de P\u00e9kin.\u00a0<\/p>\n<p>Dipl\u00f4m\u00e9 en math\u00e9matiques de l&rsquo;Ecole des Ponts Paristech en France.\u00a0<\/p>\n<p>Passionn\u00e9 par l&rsquo;Olympiade math\u00e9matique depuis son enfance, il a \u00e9t\u00e9 parmi les premiers au concours national de l&rsquo;Olympiade math\u00e9matique et a \u00e9t\u00e9 admis \u00e0 l&rsquo;\u00c9cole de math\u00e9matiques de l&rsquo;Universit\u00e9 de P\u00e9kin.<\/p>\n<p>Actuellement r\u00e9sident au Royaume-Uni, il est comp\u00e9tent en enseignement trilingue (chinois, anglais, fran\u00e7ais). Il se concentre sur le d\u00e9veloppement de la pens\u00e9e logique des \u00e9l\u00e8ves et poss\u00e8de une vision unique des probl\u00e8mes math\u00e9matiques typiques de l&rsquo;\u00e9cole primaire et du coll\u00e8ge.<\/p>\n<\/div>\n<\/li>\n<li>\n<h3>Liu<\/h3>\n<div>\n<p>Dipl\u00f4m\u00e9e de l&rsquo;\u00c9cole polytechnique en France, sp\u00e9cialis\u00e9e en informatique et math\u00e9matiques appliqu\u00e9es.<\/p>\n<p>Expert en Olympiade math\u00e9matique, elle se consacre \u00e0 l&rsquo;\u00e9tude de divers concours. Son enseignement est s\u00e9rieux et rigoureux, ses cours sont dynamiques et imag\u00e9s, elle guide les enfants \u00e0 d\u00e9velopper de bonnes habitudes d&rsquo;apprentissage, ce qui lui vaut une grande appr\u00e9ciation de la part des \u00e9l\u00e8ves.<\/p>\n<\/div>\n<\/li>\n<li>\n<h3>Qi<\/h3>\n<div>\n<p>Master en math\u00e9matiques appliqu\u00e9es de l&rsquo;Universit\u00e9 Paris Diderot.<\/p>\n<p>\u00c9cole Nationale Sup\u00e9rieure de Chimie de Paris.<\/p>\n<p>Certifi\u00e9 en science des donn\u00e9es Python. Praticien de l&rsquo;enseignement STEAM, couvrant des cours interdisciplinaires tels que la programmation, les math\u00e9matiques, les m\u00e9gadonn\u00e9es, l&rsquo;intelligence artificielle, etc. Style acad\u00e9mique rigoureux, enseignement s\u00e9rieux et responsable.<\/p>\n<\/div>\n<\/li>\n<\/ul>\n<p><!--more--><br \/>\n<!-- {\"name\":\"Services\",\"type\":\"layout\",\"children\":[{\"name\":\"Hero\",\"type\":\"section\",\"props\":{\"animation\":\"fade\",\"header_transparent\":true,\"header_transparent_text_color\":\"dark\",\"image\":\"wp-content\\\/uploads\\\/yootheme\\\/elearning-hero-bg.svg\",\"image_position\":\"center-center\",\"image_size\":\"cover\",\"overlap\":false,\"padding\":\"large\",\"style\":\"default\",\"title_breakpoint\":\"xl\",\"title_position\":\"top-left\",\"title_rotation\":\"left\",\"vertical_align\":\"middle\",\"width\":\"large\"},\"children\":[{\"type\":\"row\",\"children\":[{\"type\":\"column\",\"props\":{\"image_position\":\"center-center\",\"position_sticky_breakpoint\":\"m\"},\"children\":[{\"name\":\"\\u62ac\\u5934\\u8bfe\\u7a0b\",\"type\":\"overlay\",\"props\":{\"image\":\"wp-content\\\/uploads\\\/2024\\\/06\\\/\\u5b66\\u4e2d\\u65874.jpg\",\"image_height\":400,\"image_width\":1600,\"link_style\":\"default\",\"link_text\":\"Read more\",\"margin\":\"\",\"meta\":\"\",\"meta_align\":\"below-title\",\"meta_element\":\"div\",\"meta_margin\":\"small\",\"meta_style\":\"text-meta\",\"overlay_hover\":false,\"overlay_mode\":\"cover\",\"overlay_padding\":\"large\",\"overlay_position\":\"bottom\",\"overlay_style\":\"overlay-default\",\"overlay_transition\":\"scale-up\",\"text_align\":\"center\",\"text_color\":\"\",\"title\":\"Cours de Math\\u00e9matiques\",\"title_color\":\"primary\",\"title_element\":\"h3\",\"title_font_family\":\"primary\",\"title_hover_style\":\"reset\",\"title_style\":\"heading-small\"}}]}]},{\"type\":\"row\",\"props\":{\"column_gap\":\"small\",\"layout\":\"2-3,1-3\",\"width\":\"small\"},\"children\":[{\"type\":\"column\",\"props\":{\"image_position\":\"center-center\",\"position_sticky_breakpoint\":\"m\",\"width_small\":\"2-3\"},\"children\":[{\"type\":\"headline\",\"props\":{\"content\":\"\n\n<p>Cours de math\\u00e9matiques<\\\/p>\\n\n\n<p>Pr\\u00e9sentation du programme<\\\/p>\",\"maxwidth\":\"2xlarge\",\"title_element\":\"h1\",\"title_style\":\"h3\"}},{\"type\":\"text\",\"props\":{\"column_breakpoint\":\"m\",\"content\":\"\n\n<p class=\\\"MsoNormal\\\"><span lang=\\\"FR\\\" style=\\\"mso-ansi-language: FR;\\\">En tant que centre d'excellence en \\u00e9ducation de qualit\\u00e9 \\u00e0 Paris, <span>l\\u2019Association de la Jeunesse Internationale<\\\/span> a ouvert des cours de math\\u00e9matiques depuis plusieurs ann\\u00e9es d\\u00e9j\\u00e0. Ces cours sont dirig\\u00e9s par des professeurs de math\\u00e9matiques professionnels de renom tels que ceux de l'Universit\\u00e9 de P\\u00e9kin et de l'\\u00c9cole Polytechnique de Paris, qui emm\\u00e8nent les \\u00e9l\\u00e8ves dans le monde fascinant et amusant des math\\u00e9matiques, leur permettant d'\\u00e9largir leur pens\\u00e9e divergente et leur capacit\\u00e9 de raisonnement logique, d'explorer les myst\\u00e8res des math\\u00e9matiques et de tomber amoureux de la beaut\\u00e9 des math\\u00e9matiques.<o:p><\\\/o:p><\\\/span><\\\/p>\\n\n\n<p class=\\\"MsoNormal\\\"><span lang=\\\"FR\\\" style=\\\"mso-ansi-language: FR;\\\">Les cours sont dispens\\u00e9s en bilingue chinois-fran\\u00e7ais, en accord avec le programme de math\\u00e9matiques des \\u00e9coles fran\\u00e7aises, et utilisent des tests r\\u00e9els comme ceux des comp\\u00e9titions du Kangourou des math\\u00e9matiques et Pangea pour l'exercice mental. Les \\u00e9l\\u00e8ves suivront les conseils des professeurs professionnels pour pratiquer sur des questions d'examen r\\u00e9elles, \\u00e9couteront leurs explications et analyses uniques, et d\\u00e9velopperont leur pens\\u00e9e logique en math\\u00e9matiques tout en s'amusant !<o:p><\\\/o:p><\\\/span><\\\/p>\",\"margin\":\"medium\",\"maxwidth\":\"2xlarge\",\"text_style\":\"small\"}},{\"type\":\"button\",\"props\":{\"button_size\":\"large\",\"grid_column_gap\":\"small\",\"grid_row_gap\":\"small\",\"margin\":\"medium\"},\"children\":[{\"type\":\"button_item\",\"props\":{\"button_style\":\"default\",\"content\":\"Cliquez ici pour vous inscrire\",\"icon_align\":\"left\",\"link\":\"fr\\\/inscription\\\/\"}}]}]},{\"type\":\"column\",\"props\":{\"image_position\":\"center-center\",\"position_sticky_breakpoint\":\"m\",\"width_small\":\"1-3\"},\"children\":[{\"type\":\"text\",\"props\":{\"column_breakpoint\":\"m\",\"content\":\"\n\n<p><\\\/p>\\n\n\n<p><\\\/p>\\n\n\n<p><\\\/p>\\n\n\n<p><\\\/p>\\n\n\n<p><\\\/p>\\n\n\n<p><\\\/p>\",\"margin\":\"default\"}},{\"type\":\"image\",\"props\":{\"image\":\"wp-content\\\/uploads\\\/2021\\\/06\\\/cours6.jpg\",\"image_svg_color\":\"emphasis\",\"margin\":\"default\"}},{\"type\":\"image\",\"props\":{\"image\":\"wp-content\\\/uploads\\\/2021\\\/06\\\/cours7.jpg\",\"image_svg_color\":\"emphasis\",\"image_svg_inline\":true,\"margin\":\"default\"}}]}]}]},{\"name\":\"Courses\",\"type\":\"section\",\"props\":{\"animation\":\"fade\",\"animation_delay\":\"200\",\"image_position\":\"center-center\",\"padding\":\"xsmall\",\"style\":\"default\",\"title_breakpoint\":\"xl\",\"title_position\":\"top-left\",\"title_rotation\":\"left\",\"vertical_align\":\"middle\",\"width\":\"large\"},\"children\":[{\"type\":\"row\",\"children\":[{\"type\":\"column\",\"props\":{\"image_position\":\"center-center\",\"position_sticky_breakpoint\":\"m\",\"width_medium\":\"1-1\"},\"children\":[{\"type\":\"headline\",\"props\":{\"content\":\"\n\n<p>Les cours de math\\u00e9matiques de\\u00a0l\\u2019Association de la Jeunesse Internationale\\u00a0ont les caract\\u00e9ristiques suivantes\\u00a0:<\\\/p>\",\"text_align\":\"center\",\"title_element\":\"h2\",\"title_style\":\"h1\"}},{\"type\":\"grid\",\"props\":{\"animation\":\"none\",\"content_column_breakpoint\":\"m\",\"content_style\":\"h6\",\"filter_align\":\"left\",\"filter_all\":true,\"filter_grid_breakpoint\":\"m\",\"filter_grid_width\":\"auto\",\"filter_position\":\"top\",\"filter_style\":\"tab\",\"grid_column_gap\":\"large\",\"grid_default\":\"1\",\"grid_divider\":false,\"grid_large\":\"4\",\"grid_medium\":\"4\",\"grid_parallax\":\"0\",\"grid_row_gap\":\"large\",\"grid_small\":\"2\",\"grid_xlarge\":\"4\",\"icon_width\":80,\"image_align\":\"top\",\"image_grid_breakpoint\":\"m\",\"image_grid_width\":\"1-2\",\"image_svg_color\":\"emphasis\",\"item_animation\":true,\"link_style\":\"default\",\"link_text\":\"Read more\",\"margin\":\"default\",\"meta_align\":\"below-title\",\"meta_element\":\"div\",\"meta_style\":\"h6\",\"panel_padding\":\"large\",\"panel_style\":\"tile-secondary\",\"parallax_easing\":\"1\",\"show_content\":true,\"show_image\":true,\"show_link\":true,\"show_meta\":true,\"show_title\":true,\"text_align\":\"center\",\"title_align\":\"top\",\"title_element\":\"div\",\"title_grid_breakpoint\":\"m\",\"title_grid_width\":\"1-2\",\"title_hover_style\":\"reset\",\"title_style\":\"h4\"},\"children\":[{\"type\":\"grid_item\",\"props\":{\"content\":\"\n\n<p>4-6 personnes<\\\/p>\",\"meta\":\"\n\n<hr class=\\\"uk-divider-small\\\">\",\"title\":\"Nombre d'\\u00e9l\\u00e8ves par classe\"}},{\"type\":\"grid_item\",\"props\":{\"content\":\"\n\n<p style=\\\"text-align: center;\\\">Grande section de maternelle<\\\/p>\\n\n\n<p style=\\\"text-align: center;\\\">Tous les niveaux de l'\\u00e9cole primaire<\\\/p>\\n\n\n<p style=\\\"text-align: center;\\\">Tous les niveaux du coll\\u00e8ge et du lyc\\u00e9e<\\\/p>\",\"meta\":\"\n\n<hr class=\\\"uk-divider-small\\\">\",\"title\":\"Adapt\\u00e9 aux niveaux \"}},{\"type\":\"grid_item\",\"props\":{\"content\":\"\n\n<p>1 heure<\\\/p>\\n\n\n<p>ou<\\\/p>\\n\n\n<p>1,5 heures<\\\/p>\",\"meta\":\"\n\n<hr class=\\\"uk-divider-small\\\">\",\"title\":\"Dur\\u00e9e du cours\"}},{\"type\":\"grid_item\",\"props\":{\"content\":\"\n\n<p>Cours interactifs en ligne en direct<\\\/p>\\n\n\n<p>(cours sur iPad ou ordinateur)<\\\/p>\",\"meta\":\"\n\n<hr class=\\\"uk-divider-small\\\">\",\"title\":\"M\\u00e9thode de classe\"}}]}]}]}]},{\"name\":\"Call to Action\",\"type\":\"section\",\"props\":{\"animation\":\"fade\",\"css\":\".el-section > div {\\n\\tborder-top: 150px solid transparent;\\n    background-origin: border-box;\\n}\",\"image\":\"wp-content\\\/uploads\\\/yootheme\\\/section-bg-large.svg\",\"image_position\":\"top-center\",\"image_size\":\"cover\",\"overlap\":true,\"padding\":\"large\",\"padding_remove_bottom\":false,\"style\":\"default\",\"title_breakpoint\":\"xl\",\"title_position\":\"top-left\",\"title_rotation\":\"left\",\"vertical_align\":\"middle\",\"width\":\"large\"},\"children\":[{\"type\":\"row\",\"children\":[{\"type\":\"column\",\"props\":{\"image_position\":\"center-center\",\"position_sticky_breakpoint\":\"m\",\"width_medium\":\"1-1\"},\"children\":[{\"type\":\"headline\",\"props\":{\"content\":\"\n\n<p><strong>Nos professeurs <\\\/strong><\\\/p>\",\"title_element\":\"h2\",\"title_style\":\"h1\"}},{\"type\":\"grid\",\"props\":{\"content_column_breakpoint\":\"m\",\"filter_align\":\"left\",\"filter_all\":true,\"filter_grid_breakpoint\":\"m\",\"filter_grid_width\":\"auto\",\"filter_position\":\"top\",\"filter_style\":\"tab\",\"grid_default\":\"1\",\"grid_medium\":\"3\",\"icon_width\":80,\"image_align\":\"top\",\"image_grid_breakpoint\":\"m\",\"image_grid_width\":\"1-2\",\"image_svg_color\":\"emphasis\",\"item_animation\":true,\"link_style\":\"default\",\"link_text\":\"Read more\",\"margin\":\"default\",\"meta_align\":\"below-title\",\"meta_element\":\"div\",\"meta_style\":\"text-meta\",\"parallax_easing\":\"1\",\"show_content\":true,\"show_image\":true,\"show_link\":true,\"show_meta\":true,\"show_title\":true,\"title_align\":\"top\",\"title_element\":\"h3\",\"title_grid_breakpoint\":\"m\",\"title_grid_width\":\"1-2\",\"title_hover_style\":\"reset\"},\"children\":[{\"type\":\"grid_item\",\"props\":{\"content\":\"\n\n<p>Dipl\\u00f4m\\u00e9 de l'\\u00c9cole des sciences math\\u00e9matiques de l'Universit\\u00e9 de P\\u00e9kin.\\u00a0<\\\/p>\\n\n\n<p>Dipl\\u00f4m\\u00e9 en math\\u00e9matiques de l'Ecole des Ponts Paristech en France.\\u00a0<\\\/p>\\n\n\n<p>Passionn\\u00e9 par l'Olympiade math\\u00e9matique depuis son enfance, il a \\u00e9t\\u00e9 parmi les premiers au concours national de l'Olympiade math\\u00e9matique et a \\u00e9t\\u00e9 admis \\u00e0 l'\\u00c9cole de math\\u00e9matiques de l'Universit\\u00e9 de P\\u00e9kin.<\\\/p>\\n\n\n<p>Actuellement r\\u00e9sident au Royaume-Uni, il est comp\\u00e9tent en enseignement trilingue (chinois, anglais, fran\\u00e7ais). Il se concentre sur le d\\u00e9veloppement de la pens\\u00e9e logique des \\u00e9l\\u00e8ves et poss\\u00e8de une vision unique des probl\\u00e8mes math\\u00e9matiques typiques de l'\\u00e9cole primaire et du coll\\u00e8ge.<\\\/p>\",\"meta\":\"\",\"title\":\"Lin\"}},{\"type\":\"grid_item\",\"props\":{\"content\":\"\n\n<p>Dipl\\u00f4m\\u00e9e de l'\\u00c9cole polytechnique en France, sp\\u00e9cialis\\u00e9e en informatique et math\\u00e9matiques appliqu\\u00e9es.<\\\/p>\\n\n\n<p>Expert en Olympiade math\\u00e9matique, elle se consacre \\u00e0 l'\\u00e9tude de divers concours. Son enseignement est s\\u00e9rieux et rigoureux, ses cours sont dynamiques et imag\\u00e9s, elle guide les enfants \\u00e0 d\\u00e9velopper de bonnes habitudes d'apprentissage, ce qui lui vaut une grande appr\\u00e9ciation de la part des \\u00e9l\\u00e8ves.<\\\/p>\",\"title\":\"Liu\"}},{\"type\":\"grid_item\",\"props\":{\"content\":\"\n\n<p>Master en math\\u00e9matiques appliqu\\u00e9es de l'Universit\\u00e9 Paris Diderot.<\\\/p>\\n\n\n<p>\\u00c9cole Nationale Sup\\u00e9rieure de Chimie de Paris.<\\\/p>\\n\n\n<p>Certifi\\u00e9 en science des donn\\u00e9es Python. Praticien de l'enseignement STEAM, couvrant des cours interdisciplinaires tels que la programmation, les math\\u00e9matiques, les m\\u00e9gadonn\\u00e9es, l'intelligence artificielle, etc. Style acad\\u00e9mique rigoureux, enseignement s\\u00e9rieux et responsable.<\\\/p>\",\"title\":\"Qi\"}}]}]}]}]}],\"version\":\"4.3.13\"} --><\/p>\n","protected":false},"excerpt":{"rendered":"<p>Cours de Math\u00e9matiques Cours de math\u00e9matiques Pr\u00e9sentation du programme En tant que centre d&rsquo;excellence en \u00e9ducation de qualit\u00e9 \u00e0 Paris, l\u2019Association de la Jeunesse Internationale a ouvert des cours de math\u00e9matiques depuis plusieurs ann\u00e9es d\u00e9j\u00e0. Ces cours sont dirig\u00e9s par des professeurs de math\u00e9matiques professionnels de renom tels que ceux de l&rsquo;Universit\u00e9 de P\u00e9kin et [&hellip;]<\/p>\n","protected":false},"author":1,"featured_media":0,"parent":0,"menu_order":6,"comment_status":"open","ping_status":"closed","template":"","meta":{"_acf_changed":false,"footnotes":""},"acf":[],"_links":{"self":[{"href":"https:\/\/kubawa.net\/fr\/wp-json\/wp\/v2\/pages\/2063"}],"collection":[{"href":"https:\/\/kubawa.net\/fr\/wp-json\/wp\/v2\/pages"}],"about":[{"href":"https:\/\/kubawa.net\/fr\/wp-json\/wp\/v2\/types\/page"}],"author":[{"embeddable":true,"href":"https:\/\/kubawa.net\/fr\/wp-json\/wp\/v2\/users\/1"}],"replies":[{"embeddable":true,"href":"https:\/\/kubawa.net\/fr\/wp-json\/wp\/v2\/comments?post=2063"}],"version-history":[{"count":9,"href":"https:\/\/kubawa.net\/fr\/wp-json\/wp\/v2\/pages\/2063\/revisions"}],"predecessor-version":[{"id":2314,"href":"https:\/\/kubawa.net\/fr\/wp-json\/wp\/v2\/pages\/2063\/revisions\/2314"}],"wp:attachment":[{"href":"https:\/\/kubawa.net\/fr\/wp-json\/wp\/v2\/media?parent=2063"}],"curies":[{"name":"wp","href":"https:\/\/api.w.org\/{rel}","templated":true}]}}